{"id":10433,"date":"2023-08-25T15:36:22","date_gmt":"2023-08-25T14:36:22","guid":{"rendered":"https:\/\/baralivres.ma\/?post_type=product&#038;p=10433"},"modified":"2024-11-06T22:40:59","modified_gmt":"2024-11-06T21:40:59","slug":"super-colos-disney-noel","status":"publish","type":"product","link":"https:\/\/baralivres.ma\/?product=super-colos-disney-noel","title":{"rendered":"Super Colos Disney No\u00ebl"},"content":{"rendered":"<p>Un grand livre contenant de 60 coloriages avec les personnages Disney ! &#8211; Sur chaque double page, une grande illustration \u00e0 colorier et en regard son mod\u00e8le en couleurs. &#8211; Un papier blanc et suffisamment \u00e9pais pour le coloriage au feutre. D\u00e8s 4 ans<\/p>\n","protected":false},"excerpt":{"rendered":"<p>Un grand livre contenant de 60 coloriages avec les personnages Disney ! &#8211; Sur chaque double page, une grande illustration \u00e0 colorier<\/p>\n","protected":false},"featured_media":10435,"comment_status":"open","ping_status":"closed","template":"","meta":{"inline_featured_image":false},"product_cat":[210,200],"product_tag":[],"class_list":{"0":"post-10433","1":"product","2":"type-product","3":"status-publish","4":"has-post-thumbnail","6":"product_cat-activites-bebe-enfant","7":"product_cat-activites","9":"first","10":"instock","11":"shipping-taxable","12":"purchasable","13":"product-type-simple"},"_links":{"self":[{"href":"https:\/\/baralivres.ma\/index.php?rest_route=\/wp\/v2\/product\/10433","targetHints":{"allow":["GET"]}}],"collection":[{"href":"https:\/\/baralivres.ma\/index.php?rest_route=\/wp\/v2\/product"}],"about":[{"href":"https:\/\/baralivres.ma\/index.php?rest_route=\/wp\/v2\/types\/product"}],"replies":[{"embeddable":true,"href":"https:\/\/baralivres.ma\/index.php?rest_route=%2Fwp%2Fv2%2Fcomments&post=10433"}],"version-history":[{"count":1,"href":"https:\/\/baralivres.ma\/index.php?rest_route=\/wp\/v2\/product\/10433\/revisions"}],"predecessor-version":[{"id":10436,"href":"https:\/\/baralivres.ma\/index.php?rest_route=\/wp\/v2\/product\/10433\/revisions\/10436"}],"wp:featuredmedia":[{"embeddable":true,"href":"https:\/\/baralivres.ma\/index.php?rest_route=\/wp\/v2\/media\/10435"}],"wp:attachment":[{"href":"https:\/\/baralivres.ma\/index.php?rest_route=%2Fwp%2Fv2%2Fmedia&parent=10433"}],"wp:term":[{"taxonomy":"product_cat","embeddable":true,"href":"https:\/\/baralivres.ma\/index.php?rest_route=%2Fwp%2Fv2%2Fproduct_cat&post=10433"},{"taxonomy":"product_tag","embeddable":true,"href":"https:\/\/baralivres.ma\/index.php?rest_route=%2Fwp%2Fv2%2Fproduct_tag&post=10433"}],"curies":[{"name":"wp","href":"https:\/\/api.w.org\/{rel}","templated":true}]}}