{"id":10414,"date":"2023-08-25T14:58:46","date_gmt":"2023-08-25T13:58:46","guid":{"rendered":"https:\/\/baralivres.ma\/?post_type=product&#038;p=10414"},"modified":"2024-11-05T14:07:20","modified_gmt":"2024-11-05T13:07:20","slug":"le-roi-lion-mon-histoire-a-ecouter","status":"publish","type":"product","link":"https:\/\/baralivres.ma\/?product=le-roi-lion-mon-histoire-a-ecouter","title":{"rendered":"LE ROI LION &#8211; Mon Histoire \u00e0 \u00c9couter"},"content":{"rendered":"<div id=\"bookDescription_feature_div\" class=\"celwidget\" data-feature-name=\"bookDescription\" data-csa-c-type=\"widget\" data-csa-c-content-id=\"bookDescription\" data-csa-c-slot-id=\"bookDescription_feature_div\" data-csa-c-asin=\"2017055085\" data-csa-c-is-in-initial-active-row=\"false\" data-csa-c-id=\"5bvj3w-aykpe5-47qxzc-nke322\" data-cel-widget=\"bookDescription_feature_div\">\n<div class=\"a-expander-collapsed-height a-row a-expander-container a-spacing-base a-expander-partial-collapse-container\" data-a-expander-name=\"book_description_expander\" data-a-expander-collapsed-height=\"200\">\n<div class=\"a-expander-content a-expander-partial-collapse-content\" aria-expanded=\"false\"><span class=\"a-text-bold\">L\u2019histoire compl\u00e8te du film \u00e0 lire et \u00e0 \u00e9couter o\u00f9 que vous soyez gr\u00e2ce \u00e0 la cl\u00e9 USB : \u00e0 la maison sur l\u2019ordinateur et sur la t\u00e9l\u00e9vision, ou encore en voiture pour accompagner tous les trajets.<\/span><br \/>\nUn bel album illustr\u00e9 de 48 pages pour d\u00e9couvrir les aventures du\u00a0<span class=\"a-text-italic\">Roi Lion<\/span>, accompagn\u00e9 de la version audio avec plus de 20 minutes d\u2019\u00e9coute pour plonger au c\u0153ur de l\u2019histoire.<br \/>\nUne immersion compl\u00e8te gr\u00e2ce aux effets sonores et aux dialogues originaux du film.<\/div>\n<\/div>\n<\/div>\n<div id=\"globalStoreInfoBullets_feature_div\" class=\"celwidget\" data-feature-name=\"globalStoreInfoBullets\" data-csa-c-type=\"widget\" data-csa-c-content-id=\"globalStoreInfoBullets\" data-csa-c-slot-id=\"globalStoreInfoBullets_feature_div\" data-csa-c-asin=\"2017055085\" data-csa-c-is-in-initial-active-row=\"false\" data-csa-c-id=\"6s22yi-cdxnls-n8esds-byg0iv\" data-cel-widget=\"globalStoreInfoBullets_feature_div\"><\/div>\n<div id=\"buyingOptionNostosBadge_feature_div\" class=\"celwidget\" data-feature-name=\"buyingOptionNostosBadge\" data-csa-c-type=\"widget\" data-csa-c-content-id=\"buyingOptionNostosBadge\" data-csa-c-slot-id=\"buyingOptionNostosBadge_feature_div\" data-csa-c-asin=\"2017055085\" data-csa-c-is-in-initial-active-row=\"false\" data-csa-c-id=\"b7shf-ncgnm-7fmc3w-ywayie\" data-cel-widget=\"buyingOptionNostosBadge_feature_div\"><\/div>\n<div id=\"edpIngress_feature_div\" class=\"celwidget\" data-feature-name=\"edpIngress\" data-csa-c-type=\"widget\" data-csa-c-content-id=\"edpIngress\" data-csa-c-slot-id=\"edpIngress_feature_div\" data-csa-c-asin=\"2017055085\" data-csa-c-is-in-initial-active-row=\"false\" data-csa-c-id=\"izpyuy-iddr08-y1eo6x-4mqze7\" data-cel-widget=\"edpIngress_feature_div\"><\/div>\n<div id=\"richProductInformation_feature_div\" class=\"celwidget\" data-feature-name=\"richProductInformation\" data-csa-c-type=\"widget\" data-csa-c-content-id=\"richProductInformation\" data-csa-c-slot-id=\"richProductInformation_feature_div\" data-csa-c-asin=\"2017055085\" data-csa-c-is-in-initial-active-row=\"false\" data-csa-c-id=\"bajsef-axirpf-gjzywa-pablo\" data-cel-widget=\"richProductInformation_feature_div\">\n<div id=\"rich_product_information\" class=\"a-section a-spacing-none celwidget\" data-csa-c-id=\"mamm24-nmtcsv-a00so-wab1hc\" data-cel-widget=\"rich_product_information\"><\/div>\n<\/div>\n","protected":false},"excerpt":{"rendered":"<p>L\u2019histoire compl\u00e8te du film \u00e0 lire et \u00e0 \u00e9couter o\u00f9 que vous soyez gr\u00e2ce \u00e0 la cl\u00e9 USB : \u00e0 la maison sur l\u2019ordinateur et sur la t\u00e9l\u00e9vision, ou encore en voiture pour accompagner tous les trajets. Un bel album illustr\u00e9 de 48 pages pour d\u00e9couvrir les aventures du\u00a0Roi Lion, accompagn\u00e9 de la version audio [&hellip;]<\/p>\n","protected":false},"featured_media":10415,"comment_status":"open","ping_status":"closed","template":"","meta":{"inline_featured_image":false},"product_cat":[3944,197],"product_tag":[],"class_list":{"0":"post-10414","1":"product","2":"type-product","3":"status-publish","4":"has-post-thumbnail","6":"product_cat-les-livres-sonore-francais","7":"product_cat-livre-sonore","9":"first","10":"instock","11":"shipping-taxable","12":"purchasable","13":"product-type-simple"},"_links":{"self":[{"href":"https:\/\/baralivres.ma\/index.php?rest_route=\/wp\/v2\/product\/10414","targetHints":{"allow":["GET"]}}],"collection":[{"href":"https:\/\/baralivres.ma\/index.php?rest_route=\/wp\/v2\/product"}],"about":[{"href":"https:\/\/baralivres.ma\/index.php?rest_route=\/wp\/v2\/types\/product"}],"replies":[{"embeddable":true,"href":"https:\/\/baralivres.ma\/index.php?rest_route=%2Fwp%2Fv2%2Fcomments&post=10414"}],"version-history":[{"count":1,"href":"https:\/\/baralivres.ma\/index.php?rest_route=\/wp\/v2\/product\/10414\/revisions"}],"predecessor-version":[{"id":10416,"href":"https:\/\/baralivres.ma\/index.php?rest_route=\/wp\/v2\/product\/10414\/revisions\/10416"}],"wp:featuredmedia":[{"embeddable":true,"href":"https:\/\/baralivres.ma\/index.php?rest_route=\/wp\/v2\/media\/10415"}],"wp:attachment":[{"href":"https:\/\/baralivres.ma\/index.php?rest_route=%2Fwp%2Fv2%2Fmedia&parent=10414"}],"wp:term":[{"taxonomy":"product_cat","embeddable":true,"href":"https:\/\/baralivres.ma\/index.php?rest_route=%2Fwp%2Fv2%2Fproduct_cat&post=10414"},{"taxonomy":"product_tag","embeddable":true,"href":"https:\/\/baralivres.ma\/index.php?rest_route=%2Fwp%2Fv2%2Fproduct_tag&post=10414"}],"curies":[{"name":"wp","href":"https:\/\/api.w.org\/{rel}","templated":true}]}}