{"id":10385,"date":"2023-08-25T13:55:46","date_gmt":"2023-08-25T12:55:46","guid":{"rendered":"https:\/\/baralivres.ma\/?post_type=product&#038;p=10385"},"modified":"2024-11-05T14:12:16","modified_gmt":"2024-11-05T13:12:16","slug":"carmen-livre-sonore","status":"publish","type":"product","link":"https:\/\/baralivres.ma\/?product=carmen-livre-sonore","title":{"rendered":"Carmen &#8211; livre sonore"},"content":{"rendered":"<p>En Espagne, Carmen, une jeune boh\u00e9mienne rebelle, d\u00e9clenche une bagarre dans son usine. Le brigadier Don Jos\u00e9 charg\u00e9 de la mener en prison tombe sous son charme et la laisse s&rsquo;\u00e9chapper&#8230; 5 doubles pages pour d\u00e9couvrir l&rsquo;histoire et 5 grands airs de Carmen, le c\u00e9l\u00e8bre op\u00e9ra de Bizet dont La Habanera, Le Seguedille, l&rsquo;air du Tor\u00e9ador, des ar\u00e8nes etc. Avec un imagier qui accompagne l&rsquo;histoire pour s&rsquo;\u00e9veiller !<\/p>\n","protected":false},"excerpt":{"rendered":"<p>En Espagne, Carmen, une jeune boh\u00e9mienne rebelle, d\u00e9clenche une bagarre dans son usine. Le brigadier Don Jos\u00e9 charg\u00e9 de la mener en prison tombe sous son charme et la laisse s&rsquo;\u00e9chapper&#8230; 5 doubles pages pour d\u00e9couvrir l&rsquo;histoire et 5 grands airs de Carmen, le c\u00e9l\u00e8bre op\u00e9ra de Bizet dont La Habanera, Le Seguedille, l&rsquo;air du [&hellip;]<\/p>\n","protected":false},"featured_media":10386,"comment_status":"open","ping_status":"closed","template":"","meta":{"inline_featured_image":false},"product_cat":[3944,197],"product_tag":[],"class_list":{"0":"post-10385","1":"product","2":"type-product","3":"status-publish","4":"has-post-thumbnail","6":"product_cat-les-livres-sonore-francais","7":"product_cat-livre-sonore","9":"first","10":"instock","11":"shipping-taxable","12":"purchasable","13":"product-type-simple"},"_links":{"self":[{"href":"https:\/\/baralivres.ma\/index.php?rest_route=\/wp\/v2\/product\/10385","targetHints":{"allow":["GET"]}}],"collection":[{"href":"https:\/\/baralivres.ma\/index.php?rest_route=\/wp\/v2\/product"}],"about":[{"href":"https:\/\/baralivres.ma\/index.php?rest_route=\/wp\/v2\/types\/product"}],"replies":[{"embeddable":true,"href":"https:\/\/baralivres.ma\/index.php?rest_route=%2Fwp%2Fv2%2Fcomments&post=10385"}],"version-history":[{"count":1,"href":"https:\/\/baralivres.ma\/index.php?rest_route=\/wp\/v2\/product\/10385\/revisions"}],"predecessor-version":[{"id":10387,"href":"https:\/\/baralivres.ma\/index.php?rest_route=\/wp\/v2\/product\/10385\/revisions\/10387"}],"wp:featuredmedia":[{"embeddable":true,"href":"https:\/\/baralivres.ma\/index.php?rest_route=\/wp\/v2\/media\/10386"}],"wp:attachment":[{"href":"https:\/\/baralivres.ma\/index.php?rest_route=%2Fwp%2Fv2%2Fmedia&parent=10385"}],"wp:term":[{"taxonomy":"product_cat","embeddable":true,"href":"https:\/\/baralivres.ma\/index.php?rest_route=%2Fwp%2Fv2%2Fproduct_cat&post=10385"},{"taxonomy":"product_tag","embeddable":true,"href":"https:\/\/baralivres.ma\/index.php?rest_route=%2Fwp%2Fv2%2Fproduct_tag&post=10385"}],"curies":[{"name":"wp","href":"https:\/\/api.w.org\/{rel}","templated":true}]}}