{"id":10382,"date":"2023-08-25T13:52:44","date_gmt":"2023-08-25T12:52:44","guid":{"rendered":"https:\/\/baralivres.ma\/?post_type=product&#038;p=10382"},"modified":"2024-11-06T15:09:40","modified_gmt":"2024-11-06T14:09:40","slug":"cendrillon-livre-sonore","status":"publish","type":"product","link":"https:\/\/baralivres.ma\/?product=cendrillon-livre-sonore","title":{"rendered":"Cendrillon &#8211; livre sonore"},"content":{"rendered":"<p>C&rsquo;est le grand jour, le roi organise un bal pour son fils. Toutes les jeunes filles du royaume y sont convi\u00e9es. Toutes\u00a0? Sauf Cendrillon qui est oblig\u00e9e de rester travailler \u00e0 la maison. Par chance, sa marraine la f\u00e9e l&rsquo;aide \u00e0 s&rsquo;y rendre et \u00e0 rencontrer le prince. Mais attention\u00a0! Elle devra rentrer avant les douze coups de minuit. 5 doubles pages pour d\u00e9couvrir l&rsquo;histoire et 5 grands airs de Cendrillon, le c\u00e9l\u00e8bre ballet de Prokofiev, avec notamment l&rsquo;Amoroso, la grande valse, la le\u00e7on de danse etc. Avec un imagier qui accompagne l&rsquo;histoire pour s&rsquo;\u00e9veiller !<\/p>\n","protected":false},"excerpt":{"rendered":"<p>C&rsquo;est le grand jour, le roi organise un bal pour son fils. Toutes les jeunes filles du royaume y sont convi\u00e9es. Toutes\u00a0? Sauf Cendrillon qui est oblig\u00e9e de rester travailler \u00e0 la maison. Par chance, sa marraine la f\u00e9e l&rsquo;aide \u00e0 s&rsquo;y rendre et \u00e0 rencontrer le prince. Mais attention\u00a0! Elle devra rentrer avant les [&hellip;]<\/p>\n","protected":false},"featured_media":10383,"comment_status":"open","ping_status":"closed","template":"","meta":{"inline_featured_image":false},"product_cat":[3944,197],"product_tag":[],"class_list":{"0":"post-10382","1":"product","2":"type-product","3":"status-publish","4":"has-post-thumbnail","6":"product_cat-les-livres-sonore-francais","7":"product_cat-livre-sonore","9":"first","10":"instock","11":"shipping-taxable","12":"purchasable","13":"product-type-simple"},"_links":{"self":[{"href":"https:\/\/baralivres.ma\/index.php?rest_route=\/wp\/v2\/product\/10382","targetHints":{"allow":["GET"]}}],"collection":[{"href":"https:\/\/baralivres.ma\/index.php?rest_route=\/wp\/v2\/product"}],"about":[{"href":"https:\/\/baralivres.ma\/index.php?rest_route=\/wp\/v2\/types\/product"}],"replies":[{"embeddable":true,"href":"https:\/\/baralivres.ma\/index.php?rest_route=%2Fwp%2Fv2%2Fcomments&post=10382"}],"version-history":[{"count":1,"href":"https:\/\/baralivres.ma\/index.php?rest_route=\/wp\/v2\/product\/10382\/revisions"}],"predecessor-version":[{"id":10384,"href":"https:\/\/baralivres.ma\/index.php?rest_route=\/wp\/v2\/product\/10382\/revisions\/10384"}],"wp:featuredmedia":[{"embeddable":true,"href":"https:\/\/baralivres.ma\/index.php?rest_route=\/wp\/v2\/media\/10383"}],"wp:attachment":[{"href":"https:\/\/baralivres.ma\/index.php?rest_route=%2Fwp%2Fv2%2Fmedia&parent=10382"}],"wp:term":[{"taxonomy":"product_cat","embeddable":true,"href":"https:\/\/baralivres.ma\/index.php?rest_route=%2Fwp%2Fv2%2Fproduct_cat&post=10382"},{"taxonomy":"product_tag","embeddable":true,"href":"https:\/\/baralivres.ma\/index.php?rest_route=%2Fwp%2Fv2%2Fproduct_tag&post=10382"}],"curies":[{"name":"wp","href":"https:\/\/api.w.org\/{rel}","templated":true}]}}