{"id":10370,"date":"2023-08-25T13:36:35","date_gmt":"2023-08-25T12:36:35","guid":{"rendered":"https:\/\/baralivres.ma\/?post_type=product&#038;p=10370"},"modified":"2024-11-06T22:41:43","modified_gmt":"2024-11-06T21:41:43","slug":"boy-power-60-coloriages-anti-stress","status":"publish","type":"product","link":"https:\/\/baralivres.ma\/?product=boy-power-60-coloriages-anti-stress","title":{"rendered":"Boy Power &#8211; 60 coloriages anti-stress"},"content":{"rendered":"<p>Qu&rsquo;ils soient humains ou animaux, gentils ou m\u00e9chants, les personnages masculins sont l\u00e9gion dans les films d&rsquo;animation Disney. Ils sont mis \u00e0 l&rsquo;honneur \u00e0 travers 60 dessins les mettant en sc\u00e8ne. Aladdin, Russell, la B\u00eate, Buzz l&rsquo;Eclair, Ralph, les Sept Nains, Mowgli, le Roi Triton, Tic et Tac, Mr Indestructible, Pongo, Maui&#8230; 60 personnages \u00e0 red\u00e9couvrir et \u00e0 colorier.<\/p>\n","protected":false},"excerpt":{"rendered":"<p>Qu&rsquo;ils soient humains ou animaux, gentils ou m\u00e9chants, les personnages masculins sont l\u00e9gion dans les films d&rsquo;animation Disney. Ils sont mis \u00e0 l&rsquo;honneur \u00e0 travers 60 dessins les mettant en sc\u00e8ne. Aladdin, Russell, la B\u00eate, Buzz l&rsquo;Eclair, Ralph, les Sept Nains, Mowgli, le Roi Triton, Tic et Tac, Mr Indestructible, Pongo, Maui&#8230; 60 personnages \u00e0 [&hellip;]<\/p>\n","protected":false},"featured_media":10371,"comment_status":"open","ping_status":"closed","template":"","meta":{"inline_featured_image":false},"product_cat":[210,200],"product_tag":[],"class_list":{"0":"post-10370","1":"product","2":"type-product","3":"status-publish","4":"has-post-thumbnail","6":"product_cat-activites-bebe-enfant","7":"product_cat-activites","9":"first","10":"instock","11":"shipping-taxable","12":"purchasable","13":"product-type-simple"},"_links":{"self":[{"href":"https:\/\/baralivres.ma\/index.php?rest_route=\/wp\/v2\/product\/10370","targetHints":{"allow":["GET"]}}],"collection":[{"href":"https:\/\/baralivres.ma\/index.php?rest_route=\/wp\/v2\/product"}],"about":[{"href":"https:\/\/baralivres.ma\/index.php?rest_route=\/wp\/v2\/types\/product"}],"replies":[{"embeddable":true,"href":"https:\/\/baralivres.ma\/index.php?rest_route=%2Fwp%2Fv2%2Fcomments&post=10370"}],"version-history":[{"count":1,"href":"https:\/\/baralivres.ma\/index.php?rest_route=\/wp\/v2\/product\/10370\/revisions"}],"predecessor-version":[{"id":10372,"href":"https:\/\/baralivres.ma\/index.php?rest_route=\/wp\/v2\/product\/10370\/revisions\/10372"}],"wp:featuredmedia":[{"embeddable":true,"href":"https:\/\/baralivres.ma\/index.php?rest_route=\/wp\/v2\/media\/10371"}],"wp:attachment":[{"href":"https:\/\/baralivres.ma\/index.php?rest_route=%2Fwp%2Fv2%2Fmedia&parent=10370"}],"wp:term":[{"taxonomy":"product_cat","embeddable":true,"href":"https:\/\/baralivres.ma\/index.php?rest_route=%2Fwp%2Fv2%2Fproduct_cat&post=10370"},{"taxonomy":"product_tag","embeddable":true,"href":"https:\/\/baralivres.ma\/index.php?rest_route=%2Fwp%2Fv2%2Fproduct_tag&post=10370"}],"curies":[{"name":"wp","href":"https:\/\/api.w.org\/{rel}","templated":true}]}}