{"id":10368,"date":"2023-08-25T13:40:50","date_gmt":"2023-08-25T12:40:50","guid":{"rendered":"https:\/\/baralivres.ma\/?post_type=product&#038;p=10368"},"modified":"2024-11-06T15:11:24","modified_gmt":"2024-11-06T14:11:24","slug":"dora-lexploratrice-bouge-avec-moi","status":"publish","type":"product","link":"https:\/\/baralivres.ma\/?product=dora-lexploratrice-bouge-avec-moi","title":{"rendered":"Dora l&rsquo;exploratrice-Bouge Avec Moi!"},"content":{"rendered":"<p><span class=\"ant-typography ant-typography-secondary\">\u00a0<\/span><span class=\"ant-typography sc-1x33as3-4 gyzqdH\">Bouge, danse, et joue des maracas avec Dora ! Amuse-toi \u00e0 lire cet album en agitant les maracas qui l&rsquo;accompagnent. les deux maracas sont remplies de graines pour \u00e9mettre les sons traditionnels, mais l&rsquo;une d&rsquo;entre elles poss\u00e8de aussi un syst\u00e8me \u00e9lectronique et lumineux ! Que c&rsquo;est amusant de bouger en rythme avec Dora !<\/span><\/p>\n","protected":false},"excerpt":{"rendered":"<p>\u00a0Bouge, danse, et joue des maracas avec Dora ! Amuse-toi \u00e0 lire cet album en agitant les maracas qui l&rsquo;accompagnent. les deux maracas sont remplies de graines pour \u00e9mettre les sons traditionnels, mais l&rsquo;une d&rsquo;entre elles poss\u00e8de aussi un syst\u00e8me \u00e9lectronique et lumineux ! Que c&rsquo;est amusant de bouger en rythme avec Dora !<\/p>\n","protected":false},"featured_media":10374,"comment_status":"open","ping_status":"closed","template":"","meta":{"inline_featured_image":false},"product_cat":[3944,197],"product_tag":[],"class_list":{"0":"post-10368","1":"product","2":"type-product","3":"status-publish","4":"has-post-thumbnail","6":"product_cat-les-livres-sonore-francais","7":"product_cat-livre-sonore","9":"first","10":"instock","11":"shipping-taxable","12":"purchasable","13":"product-type-simple"},"_links":{"self":[{"href":"https:\/\/baralivres.ma\/index.php?rest_route=\/wp\/v2\/product\/10368","targetHints":{"allow":["GET"]}}],"collection":[{"href":"https:\/\/baralivres.ma\/index.php?rest_route=\/wp\/v2\/product"}],"about":[{"href":"https:\/\/baralivres.ma\/index.php?rest_route=\/wp\/v2\/types\/product"}],"replies":[{"embeddable":true,"href":"https:\/\/baralivres.ma\/index.php?rest_route=%2Fwp%2Fv2%2Fcomments&post=10368"}],"version-history":[{"count":1,"href":"https:\/\/baralivres.ma\/index.php?rest_route=\/wp\/v2\/product\/10368\/revisions"}],"predecessor-version":[{"id":10375,"href":"https:\/\/baralivres.ma\/index.php?rest_route=\/wp\/v2\/product\/10368\/revisions\/10375"}],"wp:featuredmedia":[{"embeddable":true,"href":"https:\/\/baralivres.ma\/index.php?rest_route=\/wp\/v2\/media\/10374"}],"wp:attachment":[{"href":"https:\/\/baralivres.ma\/index.php?rest_route=%2Fwp%2Fv2%2Fmedia&parent=10368"}],"wp:term":[{"taxonomy":"product_cat","embeddable":true,"href":"https:\/\/baralivres.ma\/index.php?rest_route=%2Fwp%2Fv2%2Fproduct_cat&post=10368"},{"taxonomy":"product_tag","embeddable":true,"href":"https:\/\/baralivres.ma\/index.php?rest_route=%2Fwp%2Fv2%2Fproduct_tag&post=10368"}],"curies":[{"name":"wp","href":"https:\/\/api.w.org\/{rel}","templated":true}]}}