{"id":10365,"date":"2023-08-25T13:34:39","date_gmt":"2023-08-25T12:34:39","guid":{"rendered":"https:\/\/baralivres.ma\/?post_type=product&#038;p=10365"},"modified":"2024-10-30T10:55:29","modified_gmt":"2024-10-30T09:55:29","slug":"carrement-stickers-la-belle-et-la-bete","status":"publish","type":"product","link":"https:\/\/baralivres.ma\/?product=carrement-stickers-la-belle-et-la-bete","title":{"rendered":"Carr\u00e9ment stickers La Belle et la B\u00eate"},"content":{"rendered":"<p>Entre dans le monde enchant\u00e9 de La Belle et la B\u00eate gr\u00e2ce \u00e0 cet incroyable livre d&rsquo;activit\u00e9s. Utilise tes stickers pour compl\u00e9ter les jeux qui mettent en sc\u00e8ne tes personnages pr\u00e9f\u00e9r\u00e9s du film. D\u00e9core ton propre ch\u00e2teau avec tes stickers dor\u00e9s et revis la magie de ce conte merveilleux.<\/p>\n","protected":false},"excerpt":{"rendered":"<p>Entre dans le monde enchant\u00e9 de La Belle et la B\u00eate gr\u00e2ce \u00e0 cet incroyable livre d&rsquo;activit\u00e9s. Utilise tes stickers pour compl\u00e9ter les jeux qui mettent en sc\u00e8ne tes personnages pr\u00e9f\u00e9r\u00e9s du film. D\u00e9core ton propre ch\u00e2teau avec tes stickers dor\u00e9s et revis la magie de ce conte merveilleux.<\/p>\n","protected":false},"featured_media":10367,"comment_status":"open","ping_status":"closed","template":"","meta":{"inline_featured_image":false},"product_cat":[215,200],"product_tag":[],"class_list":{"0":"post-10365","1":"product","2":"type-product","3":"status-publish","4":"has-post-thumbnail","6":"product_cat-enfant","7":"product_cat-activites","9":"first","10":"instock","11":"shipping-taxable","12":"purchasable","13":"product-type-simple"},"_links":{"self":[{"href":"https:\/\/baralivres.ma\/index.php?rest_route=\/wp\/v2\/product\/10365","targetHints":{"allow":["GET"]}}],"collection":[{"href":"https:\/\/baralivres.ma\/index.php?rest_route=\/wp\/v2\/product"}],"about":[{"href":"https:\/\/baralivres.ma\/index.php?rest_route=\/wp\/v2\/types\/product"}],"replies":[{"embeddable":true,"href":"https:\/\/baralivres.ma\/index.php?rest_route=%2Fwp%2Fv2%2Fcomments&post=10365"}],"version-history":[{"count":1,"href":"https:\/\/baralivres.ma\/index.php?rest_route=\/wp\/v2\/product\/10365\/revisions"}],"predecessor-version":[{"id":10369,"href":"https:\/\/baralivres.ma\/index.php?rest_route=\/wp\/v2\/product\/10365\/revisions\/10369"}],"wp:featuredmedia":[{"embeddable":true,"href":"https:\/\/baralivres.ma\/index.php?rest_route=\/wp\/v2\/media\/10367"}],"wp:attachment":[{"href":"https:\/\/baralivres.ma\/index.php?rest_route=%2Fwp%2Fv2%2Fmedia&parent=10365"}],"wp:term":[{"taxonomy":"product_cat","embeddable":true,"href":"https:\/\/baralivres.ma\/index.php?rest_route=%2Fwp%2Fv2%2Fproduct_cat&post=10365"},{"taxonomy":"product_tag","embeddable":true,"href":"https:\/\/baralivres.ma\/index.php?rest_route=%2Fwp%2Fv2%2Fproduct_tag&post=10365"}],"curies":[{"name":"wp","href":"https:\/\/api.w.org\/{rel}","templated":true}]}}