{"id":10361,"date":"2023-08-25T13:32:03","date_gmt":"2023-08-25T12:32:03","guid":{"rendered":"https:\/\/baralivres.ma\/?post_type=product&#038;p=10361"},"modified":"2024-11-04T17:28:01","modified_gmt":"2024-11-04T16:28:01","slug":"vitraux-cartes-magiques-a-gratter","status":"publish","type":"product","link":"https:\/\/baralivres.ma\/?product=vitraux-cartes-magiques-a-gratter","title":{"rendered":"Vitraux &#8211; Cartes magiques \u00e0 gratter"},"content":{"rendered":"<p>12 coloriages \u00e0 gratter pour faire appara\u00eetre des sc\u00e8nes et des personnages fa\u00e7on vitrail : 6 cartes avec les contours des vitraux \u00e0 gratter + 6 cartes avec les \u00e0-plats de couleurs \u00e0 gratter. Retrouvez calme et s\u00e9r\u00e9nit\u00e9 en plongeant dans un univers color\u00e9 et fantastique. Gr\u00e2ce au stylet, inclus dans l&rsquo;ouvrage, grattez les zones du dessin pour faire appara\u00eetre de magnifiques couleurs qui donneront vie \u00e0 vos personnages.<\/p>\n","protected":false},"excerpt":{"rendered":"<p>12 coloriages \u00e0 gratter pour faire appara\u00eetre des sc\u00e8nes et des personnages fa\u00e7on vitrail : 6 cartes avec les contours des vitraux \u00e0 gratter + 6 cartes avec les \u00e0-plats de couleurs \u00e0 gratter. Retrouvez calme et s\u00e9r\u00e9nit\u00e9 en plongeant dans un univers color\u00e9 et fantastique. Gr\u00e2ce au stylet, inclus dans l&rsquo;ouvrage, grattez les zones [&hellip;]<\/p>\n","protected":false},"featured_media":10362,"comment_status":"open","ping_status":"closed","template":"","meta":{"inline_featured_image":false},"product_cat":[211,200],"product_tag":[],"class_list":{"0":"post-10361","1":"product","2":"type-product","3":"status-publish","4":"has-post-thumbnail","6":"product_cat-carte-a-gratter","7":"product_cat-activites","9":"first","10":"instock","11":"shipping-taxable","12":"purchasable","13":"product-type-simple"},"_links":{"self":[{"href":"https:\/\/baralivres.ma\/index.php?rest_route=\/wp\/v2\/product\/10361","targetHints":{"allow":["GET"]}}],"collection":[{"href":"https:\/\/baralivres.ma\/index.php?rest_route=\/wp\/v2\/product"}],"about":[{"href":"https:\/\/baralivres.ma\/index.php?rest_route=\/wp\/v2\/types\/product"}],"replies":[{"embeddable":true,"href":"https:\/\/baralivres.ma\/index.php?rest_route=%2Fwp%2Fv2%2Fcomments&post=10361"}],"version-history":[{"count":1,"href":"https:\/\/baralivres.ma\/index.php?rest_route=\/wp\/v2\/product\/10361\/revisions"}],"predecessor-version":[{"id":10363,"href":"https:\/\/baralivres.ma\/index.php?rest_route=\/wp\/v2\/product\/10361\/revisions\/10363"}],"wp:featuredmedia":[{"embeddable":true,"href":"https:\/\/baralivres.ma\/index.php?rest_route=\/wp\/v2\/media\/10362"}],"wp:attachment":[{"href":"https:\/\/baralivres.ma\/index.php?rest_route=%2Fwp%2Fv2%2Fmedia&parent=10361"}],"wp:term":[{"taxonomy":"product_cat","embeddable":true,"href":"https:\/\/baralivres.ma\/index.php?rest_route=%2Fwp%2Fv2%2Fproduct_cat&post=10361"},{"taxonomy":"product_tag","embeddable":true,"href":"https:\/\/baralivres.ma\/index.php?rest_route=%2Fwp%2Fv2%2Fproduct_tag&post=10361"}],"curies":[{"name":"wp","href":"https:\/\/api.w.org\/{rel}","templated":true}]}}