{"id":10353,"date":"2023-08-25T13:33:07","date_gmt":"2023-08-25T12:33:07","guid":{"rendered":"https:\/\/baralivres.ma\/?post_type=product&#038;p=10353"},"modified":"2024-11-06T15:11:56","modified_gmt":"2024-11-06T14:11:56","slug":"mes-bebes-animaux-dans-le-ciel","status":"publish","type":"product","link":"https:\/\/baralivres.ma\/?product=mes-bebes-animaux-dans-le-ciel","title":{"rendered":"Mes b\u00e9b\u00e9s animaux dans le ciel !"},"content":{"rendered":"<p>Un premier documentaire et un imagier m\u00eal\u00e9s pour d\u00e9couvrir la vie des oisillons : coucou, aigle, mouette, perroquet et rossignol. Accompagn\u00e9 de puces sonores, l&rsquo;imagier photo, en partenariat avec National Geographic, prend vie pour offrir un joli moment d&rsquo;apprentissage aux tout-petits !<\/p>\n","protected":false},"excerpt":{"rendered":"<p>Un premier documentaire et un imagier m\u00eal\u00e9s pour d\u00e9couvrir la vie des oisillons : coucou, aigle, mouette, perroquet et rossignol. Accompagn\u00e9 de puces sonores, l&rsquo;imagier photo, en partenariat avec National Geographic, prend vie pour offrir un joli moment d&rsquo;apprentissage aux tout-petits !<\/p>\n","protected":false},"featured_media":10364,"comment_status":"open","ping_status":"closed","template":"","meta":{"inline_featured_image":false},"product_cat":[3944,197],"product_tag":[],"class_list":{"0":"post-10353","1":"product","2":"type-product","3":"status-publish","4":"has-post-thumbnail","6":"product_cat-les-livres-sonore-francais","7":"product_cat-livre-sonore","9":"first","10":"instock","11":"shipping-taxable","12":"purchasable","13":"product-type-simple"},"_links":{"self":[{"href":"https:\/\/baralivres.ma\/index.php?rest_route=\/wp\/v2\/product\/10353","targetHints":{"allow":["GET"]}}],"collection":[{"href":"https:\/\/baralivres.ma\/index.php?rest_route=\/wp\/v2\/product"}],"about":[{"href":"https:\/\/baralivres.ma\/index.php?rest_route=\/wp\/v2\/types\/product"}],"replies":[{"embeddable":true,"href":"https:\/\/baralivres.ma\/index.php?rest_route=%2Fwp%2Fv2%2Fcomments&post=10353"}],"version-history":[{"count":1,"href":"https:\/\/baralivres.ma\/index.php?rest_route=\/wp\/v2\/product\/10353\/revisions"}],"predecessor-version":[{"id":10366,"href":"https:\/\/baralivres.ma\/index.php?rest_route=\/wp\/v2\/product\/10353\/revisions\/10366"}],"wp:featuredmedia":[{"embeddable":true,"href":"https:\/\/baralivres.ma\/index.php?rest_route=\/wp\/v2\/media\/10364"}],"wp:attachment":[{"href":"https:\/\/baralivres.ma\/index.php?rest_route=%2Fwp%2Fv2%2Fmedia&parent=10353"}],"wp:term":[{"taxonomy":"product_cat","embeddable":true,"href":"https:\/\/baralivres.ma\/index.php?rest_route=%2Fwp%2Fv2%2Fproduct_cat&post=10353"},{"taxonomy":"product_tag","embeddable":true,"href":"https:\/\/baralivres.ma\/index.php?rest_route=%2Fwp%2Fv2%2Fproduct_tag&post=10353"}],"curies":[{"name":"wp","href":"https:\/\/api.w.org\/{rel}","templated":true}]}}