{"id":10348,"date":"2023-08-25T13:26:04","date_gmt":"2023-08-25T12:26:04","guid":{"rendered":"https:\/\/baralivres.ma\/?post_type=product&#038;p=10348"},"modified":"2024-11-06T22:48:47","modified_gmt":"2024-11-06T21:48:47","slug":"coloriages-a-encadrer-disney-bestiaire","status":"publish","type":"product","link":"https:\/\/baralivres.ma\/?product=coloriages-a-encadrer-disney-bestiaire","title":{"rendered":"COLORIAGES \u00c0 ENCADRER DISNEY BESTIAIRE"},"content":{"rendered":"<p>Les animaux occupants une place pr\u00e9pond\u00e9rante dans L&rsquo;oeuvre de Walt Disney<\/p>\n","protected":false},"excerpt":{"rendered":"<p>Les animaux occupants une place pr\u00e9pond\u00e9rante dans L&rsquo;oeuvre de Walt Disney<\/p>\n","protected":false},"featured_media":10354,"comment_status":"open","ping_status":"closed","template":"","meta":{"inline_featured_image":false},"product_cat":[210,200],"product_tag":[],"class_list":{"0":"post-10348","1":"product","2":"type-product","3":"status-publish","4":"has-post-thumbnail","6":"product_cat-activites-bebe-enfant","7":"product_cat-activites","9":"first","10":"instock","11":"shipping-taxable","12":"purchasable","13":"product-type-simple"},"_links":{"self":[{"href":"https:\/\/baralivres.ma\/index.php?rest_route=\/wp\/v2\/product\/10348","targetHints":{"allow":["GET"]}}],"collection":[{"href":"https:\/\/baralivres.ma\/index.php?rest_route=\/wp\/v2\/product"}],"about":[{"href":"https:\/\/baralivres.ma\/index.php?rest_route=\/wp\/v2\/types\/product"}],"replies":[{"embeddable":true,"href":"https:\/\/baralivres.ma\/index.php?rest_route=%2Fwp%2Fv2%2Fcomments&post=10348"}],"version-history":[{"count":1,"href":"https:\/\/baralivres.ma\/index.php?rest_route=\/wp\/v2\/product\/10348\/revisions"}],"predecessor-version":[{"id":10355,"href":"https:\/\/baralivres.ma\/index.php?rest_route=\/wp\/v2\/product\/10348\/revisions\/10355"}],"wp:featuredmedia":[{"embeddable":true,"href":"https:\/\/baralivres.ma\/index.php?rest_route=\/wp\/v2\/media\/10354"}],"wp:attachment":[{"href":"https:\/\/baralivres.ma\/index.php?rest_route=%2Fwp%2Fv2%2Fmedia&parent=10348"}],"wp:term":[{"taxonomy":"product_cat","embeddable":true,"href":"https:\/\/baralivres.ma\/index.php?rest_route=%2Fwp%2Fv2%2Fproduct_cat&post=10348"},{"taxonomy":"product_tag","embeddable":true,"href":"https:\/\/baralivres.ma\/index.php?rest_route=%2Fwp%2Fv2%2Fproduct_tag&post=10348"}],"curies":[{"name":"wp","href":"https:\/\/api.w.org\/{rel}","templated":true}]}}