{"id":10345,"date":"2023-08-25T13:21:35","date_gmt":"2023-08-25T12:21:35","guid":{"rendered":"https:\/\/baralivres.ma\/?post_type=product&#038;p=10345"},"modified":"2024-10-29T13:37:48","modified_gmt":"2024-10-29T12:37:48","slug":"cartes-a-dorer-sirenes-avec-20-feuilles-metallisees","status":"publish","type":"product","link":"https:\/\/baralivres.ma\/?product=cartes-a-dorer-sirenes-avec-20-feuilles-metallisees","title":{"rendered":"Cartes \u00e0 dorer sir\u00e8nes &#8211; Avec 20 feuilles m\u00e9tallis\u00e9es"},"content":{"rendered":"<p>Gr\u00e2ce au contenu de cette pochette, cr\u00e9e des tableaux vraiment uniques ! Applique les feuilles m\u00e9tallis\u00e9es sur les zones autocollantes pr\u00e9-d\u00e9coup\u00e9es et laisse-toi surprendre par le r\u00e9sultat ! Et gr\u00e2ce aux pas \u00e0 pas de ton livret, r\u00e9alise des cr\u00e9ations originales avec tes tableaux et offre-les \u00e0 tes proches ! 10 tableaux \u00e0 dorer ; 20 feuilles m\u00e9tallis\u00e9es de couleurs diff\u00e9rentes ; 1 livret avec plein d&rsquo;id\u00e9es de cr\u00e9ations originales ; 1 pochette pour prot\u00e9ger tes dessins.<\/p>\n","protected":false},"excerpt":{"rendered":"<p>Avec 20 feuilles m\u00e9tallis\u00e9es<\/p>\n","protected":false},"featured_media":10346,"comment_status":"open","ping_status":"closed","template":"","meta":{"inline_featured_image":false},"product_cat":[3875,211,201,210,200],"product_tag":[],"class_list":{"0":"post-10345","1":"product","2":"type-product","3":"status-publish","4":"has-post-thumbnail","6":"product_cat-coffret-francais","7":"product_cat-carte-a-gratter","8":"product_cat-coffret","9":"product_cat-activites-bebe-enfant","10":"product_cat-activites","12":"first","13":"instock","14":"shipping-taxable","15":"purchasable","16":"product-type-simple"},"_links":{"self":[{"href":"https:\/\/baralivres.ma\/index.php?rest_route=\/wp\/v2\/product\/10345","targetHints":{"allow":["GET"]}}],"collection":[{"href":"https:\/\/baralivres.ma\/index.php?rest_route=\/wp\/v2\/product"}],"about":[{"href":"https:\/\/baralivres.ma\/index.php?rest_route=\/wp\/v2\/types\/product"}],"replies":[{"embeddable":true,"href":"https:\/\/baralivres.ma\/index.php?rest_route=%2Fwp%2Fv2%2Fcomments&post=10345"}],"version-history":[{"count":1,"href":"https:\/\/baralivres.ma\/index.php?rest_route=\/wp\/v2\/product\/10345\/revisions"}],"predecessor-version":[{"id":10347,"href":"https:\/\/baralivres.ma\/index.php?rest_route=\/wp\/v2\/product\/10345\/revisions\/10347"}],"wp:featuredmedia":[{"embeddable":true,"href":"https:\/\/baralivres.ma\/index.php?rest_route=\/wp\/v2\/media\/10346"}],"wp:attachment":[{"href":"https:\/\/baralivres.ma\/index.php?rest_route=%2Fwp%2Fv2%2Fmedia&parent=10345"}],"wp:term":[{"taxonomy":"product_cat","embeddable":true,"href":"https:\/\/baralivres.ma\/index.php?rest_route=%2Fwp%2Fv2%2Fproduct_cat&post=10345"},{"taxonomy":"product_tag","embeddable":true,"href":"https:\/\/baralivres.ma\/index.php?rest_route=%2Fwp%2Fv2%2Fproduct_tag&post=10345"}],"curies":[{"name":"wp","href":"https:\/\/api.w.org\/{rel}","templated":true}]}}