{"id":10341,"date":"2023-08-25T13:24:15","date_gmt":"2023-08-25T12:24:15","guid":{"rendered":"https:\/\/baralivres.ma\/?post_type=product&#038;p=10341"},"modified":"2024-11-06T15:12:30","modified_gmt":"2024-11-06T14:12:30","slug":"la-musique-100-sons-et-14-melodies","status":"publish","type":"product","link":"https:\/\/baralivres.ma\/?product=la-musique-100-sons-et-14-melodies","title":{"rendered":"La musique &#8211; 100 sons et 14 m\u00e9lodies"},"content":{"rendered":"<p>Rock, classique, blues, jazz&#8230; Ce livre va faire d\u00e9couvrir aux jeunes enfants les genres musicaux et les instruments gr\u00e2ce \u00e0 100 puces sonores ! Pour chaque genre musical, ils vont entendre le son des instruments ainsi que deux m\u00e9lodies jou\u00e9es par les orchestres.<\/p>\n","protected":false},"excerpt":{"rendered":"<p>Rock, classique, blues, jazz&#8230; Ce livre va faire d\u00e9couvrir aux jeunes enfants les genres musicaux et les instruments gr\u00e2ce \u00e0 100 puces sonores ! Pour chaque genre musical, ils vont entendre le son des instruments ainsi que deux m\u00e9lodies jou\u00e9es par les orchestres.<\/p>\n","protected":false},"featured_media":10349,"comment_status":"open","ping_status":"closed","template":"","meta":{"inline_featured_image":false},"product_cat":[3944,197],"product_tag":[],"class_list":{"0":"post-10341","1":"product","2":"type-product","3":"status-publish","4":"has-post-thumbnail","6":"product_cat-les-livres-sonore-francais","7":"product_cat-livre-sonore","9":"first","10":"instock","11":"shipping-taxable","12":"purchasable","13":"product-type-simple"},"_links":{"self":[{"href":"https:\/\/baralivres.ma\/index.php?rest_route=\/wp\/v2\/product\/10341","targetHints":{"allow":["GET"]}}],"collection":[{"href":"https:\/\/baralivres.ma\/index.php?rest_route=\/wp\/v2\/product"}],"about":[{"href":"https:\/\/baralivres.ma\/index.php?rest_route=\/wp\/v2\/types\/product"}],"replies":[{"embeddable":true,"href":"https:\/\/baralivres.ma\/index.php?rest_route=%2Fwp%2Fv2%2Fcomments&post=10341"}],"version-history":[{"count":1,"href":"https:\/\/baralivres.ma\/index.php?rest_route=\/wp\/v2\/product\/10341\/revisions"}],"predecessor-version":[{"id":10350,"href":"https:\/\/baralivres.ma\/index.php?rest_route=\/wp\/v2\/product\/10341\/revisions\/10350"}],"wp:featuredmedia":[{"embeddable":true,"href":"https:\/\/baralivres.ma\/index.php?rest_route=\/wp\/v2\/media\/10349"}],"wp:attachment":[{"href":"https:\/\/baralivres.ma\/index.php?rest_route=%2Fwp%2Fv2%2Fmedia&parent=10341"}],"wp:term":[{"taxonomy":"product_cat","embeddable":true,"href":"https:\/\/baralivres.ma\/index.php?rest_route=%2Fwp%2Fv2%2Fproduct_cat&post=10341"},{"taxonomy":"product_tag","embeddable":true,"href":"https:\/\/baralivres.ma\/index.php?rest_route=%2Fwp%2Fv2%2Fproduct_tag&post=10341"}],"curies":[{"name":"wp","href":"https:\/\/api.w.org\/{rel}","templated":true}]}}