{"id":10333,"date":"2023-08-25T13:17:41","date_gmt":"2023-08-25T12:17:41","guid":{"rendered":"https:\/\/baralivres.ma\/?post_type=product&#038;p=10333"},"modified":"2024-11-06T17:41:28","modified_gmt":"2024-11-06T16:41:28","slug":"mon-album-de-bebe-les-premiers-moments","status":"publish","type":"product","link":"https:\/\/baralivres.ma\/?product=mon-album-de-bebe-les-premiers-moments","title":{"rendered":"Mon album de b\u00e9b\u00e9: Les premiers moments"},"content":{"rendered":"<div class=\"block-resume cf\" data-target-src=\"resume\">\n<div>\n<div class=\"block-description\"><span id=\"p_lt_ctl14_pageplaceholder_p_lt_ctl00_ProductDetailsAR_resumeSpan\" class=\"product-resume\" lang=\"en\">Cet album, rempli de souvenirs pr\u00e9cieux et de magnifiques photos, raconte la premi\u00e8re ann\u00e9e de ma vie. Papa et maman y ont not\u00e9 les \u00e9v\u00e9nements importants, les moments magiques et toutes sortes d\u2019anecdotes et de commentaires qui me rappelleront le temps o\u00f9 j\u2019\u00e9tais b\u00e9b\u00e9.<\/span><\/div>\n<\/div>\n<\/div>\n<div class=\"block-details cf\" data-target-src=\"details\">\n<div>\n<div class=\"block-title\"><\/div>\n<\/div>\n<div id=\"outerDivProperties\" class=\"block-description\">\n<div>\n<div class=\"block-description__row\"><\/div>\n<\/div>\n<\/div>\n<\/div>\n","protected":false},"excerpt":{"rendered":"<p>Cet album, rempli de souvenirs pr\u00e9cieux et de magnifiques photos, raconte la premi\u00e8re ann\u00e9e de ma vie. Papa et maman y ont not\u00e9 les \u00e9v\u00e9nements importants, les moments magiques et toutes sortes d\u2019anecdotes et de commentaires qui me rappelleront le temps o\u00f9 j\u2019\u00e9tais b\u00e9b\u00e9.<\/p>\n","protected":false},"featured_media":10334,"comment_status":"open","ping_status":"closed","template":"","meta":{"inline_featured_image":false},"product_cat":[198],"product_tag":[],"class_list":{"0":"post-10333","1":"product","2":"type-product","3":"status-publish","4":"has-post-thumbnail","6":"product_cat-livres-animes","8":"first","9":"instock","10":"shipping-taxable","11":"purchasable","12":"product-type-simple"},"_links":{"self":[{"href":"https:\/\/baralivres.ma\/index.php?rest_route=\/wp\/v2\/product\/10333","targetHints":{"allow":["GET"]}}],"collection":[{"href":"https:\/\/baralivres.ma\/index.php?rest_route=\/wp\/v2\/product"}],"about":[{"href":"https:\/\/baralivres.ma\/index.php?rest_route=\/wp\/v2\/types\/product"}],"replies":[{"embeddable":true,"href":"https:\/\/baralivres.ma\/index.php?rest_route=%2Fwp%2Fv2%2Fcomments&post=10333"}],"version-history":[{"count":1,"href":"https:\/\/baralivres.ma\/index.php?rest_route=\/wp\/v2\/product\/10333\/revisions"}],"predecessor-version":[{"id":10340,"href":"https:\/\/baralivres.ma\/index.php?rest_route=\/wp\/v2\/product\/10333\/revisions\/10340"}],"wp:featuredmedia":[{"embeddable":true,"href":"https:\/\/baralivres.ma\/index.php?rest_route=\/wp\/v2\/media\/10334"}],"wp:attachment":[{"href":"https:\/\/baralivres.ma\/index.php?rest_route=%2Fwp%2Fv2%2Fmedia&parent=10333"}],"wp:term":[{"taxonomy":"product_cat","embeddable":true,"href":"https:\/\/baralivres.ma\/index.php?rest_route=%2Fwp%2Fv2%2Fproduct_cat&post=10333"},{"taxonomy":"product_tag","embeddable":true,"href":"https:\/\/baralivres.ma\/index.php?rest_route=%2Fwp%2Fv2%2Fproduct_tag&post=10333"}],"curies":[{"name":"wp","href":"https:\/\/api.w.org\/{rel}","templated":true}]}}