{"id":10327,"date":"2023-08-25T13:14:04","date_gmt":"2023-08-25T12:14:04","guid":{"rendered":"https:\/\/baralivres.ma\/?post_type=product&#038;p=10327"},"modified":"2024-10-30T10:56:30","modified_gmt":"2024-10-30T09:56:30","slug":"bienvenue-chez-belle-chateaux-de-princesses","status":"publish","type":"product","link":"https:\/\/baralivres.ma\/?product=bienvenue-chez-belle-chateaux-de-princesses","title":{"rendered":"Bienvenue chez Belle &#8211; Ch\u00e2teaux de Princesses"},"content":{"rendered":"<p>Un cahier de 250 stickers pour d\u00e9corer les pi\u00e8ces du ch\u00e2teau de Belle ! 12 grands d\u00e9cors du ch\u00e2teau de La Belle et la B\u00eate \u00e0 compl\u00e9ter avec des stickers : des autocollants de la princesse et de ses amis, ainsi que des meubles et des accessoires de sa majestueuse demeure pour imaginer de fantastiques aventures ! D\u00e8s 4 ans.<\/p>\n","protected":false},"excerpt":{"rendered":"<p>Un cahier de 250 stickers pour d\u00e9corer les pi\u00e8ces du ch\u00e2teau de Belle ! 12 grands d\u00e9cors du ch\u00e2teau de La Belle et la B\u00eate \u00e0 compl\u00e9ter avec des stickers : des autocollants de la princesse et de ses amis, ainsi que des meubles et des accessoires de sa majestueuse demeure pour imaginer de fantastiques [&hellip;]<\/p>\n","protected":false},"featured_media":10330,"comment_status":"open","ping_status":"closed","template":"","meta":{"inline_featured_image":false},"product_cat":[215,200],"product_tag":[],"class_list":{"0":"post-10327","1":"product","2":"type-product","3":"status-publish","4":"has-post-thumbnail","6":"product_cat-enfant","7":"product_cat-activites","9":"first","10":"instock","11":"shipping-taxable","12":"purchasable","13":"product-type-simple"},"_links":{"self":[{"href":"https:\/\/baralivres.ma\/index.php?rest_route=\/wp\/v2\/product\/10327","targetHints":{"allow":["GET"]}}],"collection":[{"href":"https:\/\/baralivres.ma\/index.php?rest_route=\/wp\/v2\/product"}],"about":[{"href":"https:\/\/baralivres.ma\/index.php?rest_route=\/wp\/v2\/types\/product"}],"replies":[{"embeddable":true,"href":"https:\/\/baralivres.ma\/index.php?rest_route=%2Fwp%2Fv2%2Fcomments&post=10327"}],"version-history":[{"count":1,"href":"https:\/\/baralivres.ma\/index.php?rest_route=\/wp\/v2\/product\/10327\/revisions"}],"predecessor-version":[{"id":10331,"href":"https:\/\/baralivres.ma\/index.php?rest_route=\/wp\/v2\/product\/10327\/revisions\/10331"}],"wp:featuredmedia":[{"embeddable":true,"href":"https:\/\/baralivres.ma\/index.php?rest_route=\/wp\/v2\/media\/10330"}],"wp:attachment":[{"href":"https:\/\/baralivres.ma\/index.php?rest_route=%2Fwp%2Fv2%2Fmedia&parent=10327"}],"wp:term":[{"taxonomy":"product_cat","embeddable":true,"href":"https:\/\/baralivres.ma\/index.php?rest_route=%2Fwp%2Fv2%2Fproduct_cat&post=10327"},{"taxonomy":"product_tag","embeddable":true,"href":"https:\/\/baralivres.ma\/index.php?rest_route=%2Fwp%2Fv2%2Fproduct_tag&post=10327"}],"curies":[{"name":"wp","href":"https:\/\/api.w.org\/{rel}","templated":true}]}}