{"id":10323,"date":"2023-08-25T13:08:39","date_gmt":"2023-08-25T12:08:39","guid":{"rendered":"https:\/\/baralivres.ma\/?post_type=product&#038;p=10323"},"modified":"2024-10-30T10:56:50","modified_gmt":"2024-10-30T09:56:50","slug":"elsa-et-anna-album","status":"publish","type":"product","link":"https:\/\/baralivres.ma\/?product=elsa-et-anna-album","title":{"rendered":"Elsa et Anna &#8211; Album"},"content":{"rendered":"<p>Une collection d\u00e9di\u00e9e \u00e0 la mode pour toutes les petites stylistes en herbe ! Un livre d&rsquo;activit\u00e9 contenant plus de 150 stickers \u00e0 coller sur les silhouettes d&rsquo;Anna, Elsa et leurs amis, pour leur composer des tenues pour toutes les occasions : robes, jupes, capes, accessoires&#8230; Les h\u00e9ro\u00efnes sont mises en sc\u00e8ne dans des d\u00e9cors partiellement coloris\u00e9s et que l&rsquo;enfant peut compl\u00e9ter selon son inspiration.<br \/>\nD\u00e8s 4 ans. Contient : 4 planches de stickers (avec identification simple de l&rsquo;usage des stickers en haut de page) ; 24 pages \u00e0 compl\u00e9ter avec les stickers et des coloriages.<\/p>\n","protected":false},"excerpt":{"rendered":"<p>Une collection d\u00e9di\u00e9e \u00e0 la mode pour toutes les petites stylistes en herbe ! Un livre d&rsquo;activit\u00e9 contenant plus de 150 stickers \u00e0 coller sur les silhouettes d&rsquo;Anna, Elsa et leurs amis, pour leur composer des tenues pour toutes les occasions : robes, jupes, capes, accessoires&#8230; Les h\u00e9ro\u00efnes sont mises en sc\u00e8ne dans des d\u00e9cors [&hellip;]<\/p>\n","protected":false},"featured_media":10324,"comment_status":"open","ping_status":"closed","template":"","meta":{"inline_featured_image":false},"product_cat":[215,210,200],"product_tag":[],"class_list":{"0":"post-10323","1":"product","2":"type-product","3":"status-publish","4":"has-post-thumbnail","6":"product_cat-enfant","7":"product_cat-activites-bebe-enfant","8":"product_cat-activites","10":"first","11":"instock","12":"shipping-taxable","13":"purchasable","14":"product-type-simple"},"_links":{"self":[{"href":"https:\/\/baralivres.ma\/index.php?rest_route=\/wp\/v2\/product\/10323","targetHints":{"allow":["GET"]}}],"collection":[{"href":"https:\/\/baralivres.ma\/index.php?rest_route=\/wp\/v2\/product"}],"about":[{"href":"https:\/\/baralivres.ma\/index.php?rest_route=\/wp\/v2\/types\/product"}],"replies":[{"embeddable":true,"href":"https:\/\/baralivres.ma\/index.php?rest_route=%2Fwp%2Fv2%2Fcomments&post=10323"}],"version-history":[{"count":1,"href":"https:\/\/baralivres.ma\/index.php?rest_route=\/wp\/v2\/product\/10323\/revisions"}],"predecessor-version":[{"id":10325,"href":"https:\/\/baralivres.ma\/index.php?rest_route=\/wp\/v2\/product\/10323\/revisions\/10325"}],"wp:featuredmedia":[{"embeddable":true,"href":"https:\/\/baralivres.ma\/index.php?rest_route=\/wp\/v2\/media\/10324"}],"wp:attachment":[{"href":"https:\/\/baralivres.ma\/index.php?rest_route=%2Fwp%2Fv2%2Fmedia&parent=10323"}],"wp:term":[{"taxonomy":"product_cat","embeddable":true,"href":"https:\/\/baralivres.ma\/index.php?rest_route=%2Fwp%2Fv2%2Fproduct_cat&post=10323"},{"taxonomy":"product_tag","embeddable":true,"href":"https:\/\/baralivres.ma\/index.php?rest_route=%2Fwp%2Fv2%2Fproduct_tag&post=10323"}],"curies":[{"name":"wp","href":"https:\/\/api.w.org\/{rel}","templated":true}]}}