{"id":10304,"date":"2023-08-25T13:02:04","date_gmt":"2023-08-25T12:02:04","guid":{"rendered":"https:\/\/baralivres.ma\/?post_type=product&#038;p=10304"},"modified":"2024-10-29T14:39:48","modified_gmt":"2024-10-29T13:39:48","slug":"cest-un-garcon","status":"publish","type":"product","link":"https:\/\/baralivres.ma\/?product=cest-un-garcon","title":{"rendered":"C&rsquo;est un gar\u00e7on !"},"content":{"rendered":"<div class=\"block-resume cf\" data-target-src=\"resume\">\n<div>\n<div class=\"block-description\"><span id=\"p_lt_ctl14_pageplaceholder_p_lt_ctl00_ProductDetailsAR_resumeSpan\" class=\"product-resume\" lang=\"fr\">Rempli de souvenirs accompagn\u00e9 de magnifiques photos, chaque album raconte la premi\u00e8re ann\u00e9e d\u2019existence de b\u00e9b\u00e9. Les parents pourront y relater des \u00e9v\u00e9nements importants, de dr\u00f4les d\u2019anecdotes et des souvenirs personnels qui ont marqu\u00e9 le d\u00e9but de la vie de leur pr\u00e9cieux tr\u00e9sor.<\/span><\/div>\n<\/div>\n<\/div>\n<div class=\"block-details cf\" data-target-src=\"details\">\n<div>\n<div class=\"block-title\"><\/div>\n<\/div>\n<div id=\"outerDivProperties\" class=\"block-description\">\n<div>\n<div class=\"block-description__row\"><\/div>\n<\/div>\n<\/div>\n<\/div>\n","protected":false},"excerpt":{"rendered":"<p>Rempli de souvenirs accompagn\u00e9 de magnifiques photos, chaque album raconte la premi\u00e8re ann\u00e9e d\u2019existence de b\u00e9b\u00e9. Les parents pourront y relater des \u00e9v\u00e9nements importants, de dr\u00f4les d\u2019anecdotes et des souvenirs personnels qui ont marqu\u00e9 le d\u00e9but de la vie de leur pr\u00e9cieux tr\u00e9sor.<\/p>\n","protected":false},"featured_media":10315,"comment_status":"open","ping_status":"closed","template":"","meta":{"inline_featured_image":false},"product_cat":[3877,199,200],"product_tag":[],"class_list":{"0":"post-10304","1":"product","2":"type-product","3":"status-publish","4":"has-post-thumbnail","6":"product_cat-les-histoires-francais","7":"product_cat-histoires","8":"product_cat-activites","10":"first","11":"instock","12":"shipping-taxable","13":"purchasable","14":"product-type-simple"},"_links":{"self":[{"href":"https:\/\/baralivres.ma\/index.php?rest_route=\/wp\/v2\/product\/10304","targetHints":{"allow":["GET"]}}],"collection":[{"href":"https:\/\/baralivres.ma\/index.php?rest_route=\/wp\/v2\/product"}],"about":[{"href":"https:\/\/baralivres.ma\/index.php?rest_route=\/wp\/v2\/types\/product"}],"replies":[{"embeddable":true,"href":"https:\/\/baralivres.ma\/index.php?rest_route=%2Fwp%2Fv2%2Fcomments&post=10304"}],"version-history":[{"count":1,"href":"https:\/\/baralivres.ma\/index.php?rest_route=\/wp\/v2\/product\/10304\/revisions"}],"predecessor-version":[{"id":10319,"href":"https:\/\/baralivres.ma\/index.php?rest_route=\/wp\/v2\/product\/10304\/revisions\/10319"}],"wp:featuredmedia":[{"embeddable":true,"href":"https:\/\/baralivres.ma\/index.php?rest_route=\/wp\/v2\/media\/10315"}],"wp:attachment":[{"href":"https:\/\/baralivres.ma\/index.php?rest_route=%2Fwp%2Fv2%2Fmedia&parent=10304"}],"wp:term":[{"taxonomy":"product_cat","embeddable":true,"href":"https:\/\/baralivres.ma\/index.php?rest_route=%2Fwp%2Fv2%2Fproduct_cat&post=10304"},{"taxonomy":"product_tag","embeddable":true,"href":"https:\/\/baralivres.ma\/index.php?rest_route=%2Fwp%2Fv2%2Fproduct_tag&post=10304"}],"curies":[{"name":"wp","href":"https:\/\/api.w.org\/{rel}","templated":true}]}}