{"id":10296,"date":"2023-08-25T12:49:19","date_gmt":"2023-08-25T11:49:19","guid":{"rendered":"https:\/\/baralivres.ma\/?post_type=product&#038;p=10296"},"modified":"2025-02-24T18:20:34","modified_gmt":"2025-02-24T17:20:34","slug":"lespace-mon-livre-sonore","status":"publish","type":"product","link":"https:\/\/baralivres.ma\/?product=lespace-mon-livre-sonore","title":{"rendered":"L&rsquo;espace-Mon Livre Sonore"},"content":{"rendered":"<p>Avec 80 puces sonores, ce livre incroyable emm\u00e8ne les enfants \u00e0 la d\u00e9couverte de l&rsquo;espace. Chacune des puces propose un mot et un bruit insolite. L&rsquo;univers et le Syst\u00e8me solaire, l&rsquo;exploration spatiale, la plan\u00e8te Mars, la combinaison des atronautes&#8230; Voil\u00e0 une joyeuse fa\u00e7on d&rsquo;apprendre du vocabulaire en s&rsquo;amusant. Sur chaque double-page, un jeu favorise l&rsquo;observation.<\/p>\n","protected":false},"excerpt":{"rendered":"<p>Avec 80 puces sonores, ce livre incroyable emm\u00e8ne les enfants \u00e0 la d\u00e9couverte de l&rsquo;espace. Chacune des puces propose un mot et un bruit insolite. L&rsquo;univers et le Syst\u00e8me solaire, l&rsquo;exploration spatiale, la plan\u00e8te Mars, la combinaison des atronautes&#8230; Voil\u00e0 une joyeuse fa\u00e7on d&rsquo;apprendre du vocabulaire en s&rsquo;amusant. Sur chaque double-page, un jeu favorise l&rsquo;observation.<\/p>\n","protected":false},"featured_media":10300,"comment_status":"open","ping_status":"closed","template":"","meta":{"inline_featured_image":false},"product_cat":[4229,3944,197],"product_tag":[],"class_list":{"0":"post-10296","1":"product","2":"type-product","3":"status-publish","4":"has-post-thumbnail","6":"product_cat-bibliotheque_a_moins-cher","7":"product_cat-les-livres-sonore-francais","8":"product_cat-livre-sonore","10":"first","11":"instock","12":"sale","13":"shipping-taxable","14":"purchasable","15":"product-type-simple"},"_links":{"self":[{"href":"https:\/\/baralivres.ma\/index.php?rest_route=\/wp\/v2\/product\/10296","targetHints":{"allow":["GET"]}}],"collection":[{"href":"https:\/\/baralivres.ma\/index.php?rest_route=\/wp\/v2\/product"}],"about":[{"href":"https:\/\/baralivres.ma\/index.php?rest_route=\/wp\/v2\/types\/product"}],"replies":[{"embeddable":true,"href":"https:\/\/baralivres.ma\/index.php?rest_route=%2Fwp%2Fv2%2Fcomments&post=10296"}],"version-history":[{"count":1,"href":"https:\/\/baralivres.ma\/index.php?rest_route=\/wp\/v2\/product\/10296\/revisions"}],"predecessor-version":[{"id":10303,"href":"https:\/\/baralivres.ma\/index.php?rest_route=\/wp\/v2\/product\/10296\/revisions\/10303"}],"wp:featuredmedia":[{"embeddable":true,"href":"https:\/\/baralivres.ma\/index.php?rest_route=\/wp\/v2\/media\/10300"}],"wp:attachment":[{"href":"https:\/\/baralivres.ma\/index.php?rest_route=%2Fwp%2Fv2%2Fmedia&parent=10296"}],"wp:term":[{"taxonomy":"product_cat","embeddable":true,"href":"https:\/\/baralivres.ma\/index.php?rest_route=%2Fwp%2Fv2%2Fproduct_cat&post=10296"},{"taxonomy":"product_tag","embeddable":true,"href":"https:\/\/baralivres.ma\/index.php?rest_route=%2Fwp%2Fv2%2Fproduct_tag&post=10296"}],"curies":[{"name":"wp","href":"https:\/\/api.w.org\/{rel}","templated":true}]}}