{"id":10285,"date":"2023-08-25T12:41:34","date_gmt":"2023-08-25T11:41:34","guid":{"rendered":"https:\/\/baralivres.ma\/?post_type=product&#038;p=10285"},"modified":"2024-11-06T15:14:02","modified_gmt":"2024-11-06T14:14:02","slug":"mon-atlas-sonore-un-super-cherche-et-trouve-sonore","status":"publish","type":"product","link":"https:\/\/baralivres.ma\/?product=mon-atlas-sonore-un-super-cherche-et-trouve-sonore","title":{"rendered":"Mon atlas sonore &#8211; Un super cherche et trouve sonore !"},"content":{"rendered":"<p>Ce livre extraordinaire propose aux jeunes enfants de d\u00e9couvrir les continents et les pays qui les composent avec 180 puces sonores ! Les animaux d&rsquo;Afrique, les d\u00e9serts, les constructions des Incas, les igloos des Inuits, la for\u00eat amazonienne, les \u00e9tranges animaux d&rsquo;Australie&#8230; 7 doubles-pages pr\u00e9sentent les continents. Les puces sonores prononcent le mot, pour l&rsquo;associer \u00e0 son illustration, avant de faire entendre un son.<br \/>\nEt en plus, sur chaque double-page, un quiz sonore invite l&rsquo;enfant \u00e0 chercher des images dans l&rsquo;illustration. S&rsquo;il appuie sur la bonne r\u00e9ponse, une musique retentit. Le jeu est al\u00e9atoire et concerne toutes les images de la page. Un superbe livre pour d\u00e9couvrir la plan\u00e8te.<\/p>\n","protected":false},"excerpt":{"rendered":"<p>Ce livre extraordinaire propose aux jeunes enfants de d\u00e9couvrir les continents et les pays qui les composent avec 180 puces sonores ! Les animaux d&rsquo;Afrique, les d\u00e9serts, les constructions des Incas, les igloos des Inuits, la for\u00eat amazonienne, les \u00e9tranges animaux d&rsquo;Australie&#8230; 7 doubles-pages pr\u00e9sentent les continents. Les puces sonores prononcent le mot, pour l&rsquo;associer [&hellip;]<\/p>\n","protected":false},"featured_media":10290,"comment_status":"open","ping_status":"closed","template":"","meta":{"inline_featured_image":false},"product_cat":[3944,197],"product_tag":[],"class_list":{"0":"post-10285","1":"product","2":"type-product","3":"status-publish","4":"has-post-thumbnail","6":"product_cat-les-livres-sonore-francais","7":"product_cat-livre-sonore","9":"first","10":"instock","11":"shipping-taxable","12":"purchasable","13":"product-type-simple"},"_links":{"self":[{"href":"https:\/\/baralivres.ma\/index.php?rest_route=\/wp\/v2\/product\/10285","targetHints":{"allow":["GET"]}}],"collection":[{"href":"https:\/\/baralivres.ma\/index.php?rest_route=\/wp\/v2\/product"}],"about":[{"href":"https:\/\/baralivres.ma\/index.php?rest_route=\/wp\/v2\/types\/product"}],"replies":[{"embeddable":true,"href":"https:\/\/baralivres.ma\/index.php?rest_route=%2Fwp%2Fv2%2Fcomments&post=10285"}],"version-history":[{"count":1,"href":"https:\/\/baralivres.ma\/index.php?rest_route=\/wp\/v2\/product\/10285\/revisions"}],"predecessor-version":[{"id":10291,"href":"https:\/\/baralivres.ma\/index.php?rest_route=\/wp\/v2\/product\/10285\/revisions\/10291"}],"wp:featuredmedia":[{"embeddable":true,"href":"https:\/\/baralivres.ma\/index.php?rest_route=\/wp\/v2\/media\/10290"}],"wp:attachment":[{"href":"https:\/\/baralivres.ma\/index.php?rest_route=%2Fwp%2Fv2%2Fmedia&parent=10285"}],"wp:term":[{"taxonomy":"product_cat","embeddable":true,"href":"https:\/\/baralivres.ma\/index.php?rest_route=%2Fwp%2Fv2%2Fproduct_cat&post=10285"},{"taxonomy":"product_tag","embeddable":true,"href":"https:\/\/baralivres.ma\/index.php?rest_route=%2Fwp%2Fv2%2Fproduct_tag&post=10285"}],"curies":[{"name":"wp","href":"https:\/\/api.w.org\/{rel}","templated":true}]}}