{"id":10254,"date":"2023-08-25T12:09:35","date_gmt":"2023-08-25T11:09:35","guid":{"rendered":"https:\/\/baralivres.ma\/?post_type=product&#038;p=10254"},"modified":"2024-11-06T17:42:51","modified_gmt":"2024-11-06T16:42:51","slug":"les-jeux-mes-premiers-mots","status":"publish","type":"product","link":"https:\/\/baralivres.ma\/?product=les-jeux-mes-premiers-mots","title":{"rendered":"Les jeux-Mes Premiers Mots"},"content":{"rendered":"<p><strong>Le tout premier imagier des mots de tous les jours !<\/strong><br \/>\n&#8211; Pour d\u00e9couvrir les jeux avec Disney :\u00a0<em>les cubes, la poup\u00e9e, les voitures, le parc, la balan\u00e7oire&#8230;<\/em>\u00a0 Le monde de b\u00e9b\u00e9 \u00e0 d\u00e9couvrir gr\u00e2ce \u00e0 un graphisme \u00e9pur\u00e9 !<br \/>\n&#8211; Un livre tout-carton, d\u00e8s 1 an, pour aborder le vocabulaire des premi\u00e8res notions et le quotidien.<\/p>\n","protected":false},"excerpt":{"rendered":"<p>Le tout premier imagier des mots de tous les jours !<\/p>\n","protected":false},"featured_media":10255,"comment_status":"open","ping_status":"closed","template":"","meta":{"inline_featured_image":false},"product_cat":[3950,198],"product_tag":[],"class_list":{"0":"post-10254","1":"product","2":"type-product","3":"status-publish","4":"has-post-thumbnail","6":"product_cat-les-livres-cartonnes-francais","7":"product_cat-livres-animes","9":"first","10":"instock","11":"shipping-taxable","12":"purchasable","13":"product-type-simple"},"_links":{"self":[{"href":"https:\/\/baralivres.ma\/index.php?rest_route=\/wp\/v2\/product\/10254","targetHints":{"allow":["GET"]}}],"collection":[{"href":"https:\/\/baralivres.ma\/index.php?rest_route=\/wp\/v2\/product"}],"about":[{"href":"https:\/\/baralivres.ma\/index.php?rest_route=\/wp\/v2\/types\/product"}],"replies":[{"embeddable":true,"href":"https:\/\/baralivres.ma\/index.php?rest_route=%2Fwp%2Fv2%2Fcomments&post=10254"}],"version-history":[{"count":1,"href":"https:\/\/baralivres.ma\/index.php?rest_route=\/wp\/v2\/product\/10254\/revisions"}],"predecessor-version":[{"id":10257,"href":"https:\/\/baralivres.ma\/index.php?rest_route=\/wp\/v2\/product\/10254\/revisions\/10257"}],"wp:featuredmedia":[{"embeddable":true,"href":"https:\/\/baralivres.ma\/index.php?rest_route=\/wp\/v2\/media\/10255"}],"wp:attachment":[{"href":"https:\/\/baralivres.ma\/index.php?rest_route=%2Fwp%2Fv2%2Fmedia&parent=10254"}],"wp:term":[{"taxonomy":"product_cat","embeddable":true,"href":"https:\/\/baralivres.ma\/index.php?rest_route=%2Fwp%2Fv2%2Fproduct_cat&post=10254"},{"taxonomy":"product_tag","embeddable":true,"href":"https:\/\/baralivres.ma\/index.php?rest_route=%2Fwp%2Fv2%2Fproduct_tag&post=10254"}],"curies":[{"name":"wp","href":"https:\/\/api.w.org\/{rel}","templated":true}]}}