{"id":10251,"date":"2023-08-25T12:01:55","date_gmt":"2023-08-25T11:01:55","guid":{"rendered":"https:\/\/baralivres.ma\/?post_type=product&#038;p=10251"},"modified":"2024-11-06T17:44:09","modified_gmt":"2024-11-06T16:44:09","slug":"ou-te-caches-tu-petite-licorne","status":"publish","type":"product","link":"https:\/\/baralivres.ma\/?product=ou-te-caches-tu-petite-licorne","title":{"rendered":"O\u00f9 te caches-tu, petite licorne ?"},"content":{"rendered":"<p><span class=\"a-text-bold\">Un album avec 7 volets \u00e0 soulever pour jouer \u00e0 cache-cache avec la licorne Disney !<\/span><br \/>\n\u2013 Une histoire interactive de 14 pages : sur chaque double page, un grand volet \u00e0 soulever pour y d\u00e9couvrir un personnage cach\u00e9 dans la sc\u00e8ne !<br \/>\n\u2013 De grandes illustrations pleines pages dans un graphisme adapt\u00e9 aux tout-petits.<br \/>\n\u2013 Un livre tout carton \u00e0 coins ronds.<br \/>\n<span class=\"a-text-bold\">D\u00e8s 18 mois.<\/span><\/p>\n","protected":false},"excerpt":{"rendered":"<p><u>L&rsquo;histoire<\/u><span class=\"a-text-bold\">\u00a0:\u00a0<\/span><span class=\"a-text-italic\">Aujourd\u2019hui, Minnie joue \u00e0 cache-cache avec son amie Licorne ! \u00ab O\u00f9 te caches-tu, petite licorne ? \u00bb se demande Minnie\u2026. Lily rigole : \u00ab Trouve-moi ! \u00bb<\/span><\/p>\n","protected":false},"featured_media":10252,"comment_status":"open","ping_status":"closed","template":"","meta":{"inline_featured_image":false},"product_cat":[3950,198],"product_tag":[],"class_list":{"0":"post-10251","1":"product","2":"type-product","3":"status-publish","4":"has-post-thumbnail","6":"product_cat-les-livres-cartonnes-francais","7":"product_cat-livres-animes","9":"first","10":"instock","11":"shipping-taxable","12":"purchasable","13":"product-type-simple"},"_links":{"self":[{"href":"https:\/\/baralivres.ma\/index.php?rest_route=\/wp\/v2\/product\/10251","targetHints":{"allow":["GET"]}}],"collection":[{"href":"https:\/\/baralivres.ma\/index.php?rest_route=\/wp\/v2\/product"}],"about":[{"href":"https:\/\/baralivres.ma\/index.php?rest_route=\/wp\/v2\/types\/product"}],"replies":[{"embeddable":true,"href":"https:\/\/baralivres.ma\/index.php?rest_route=%2Fwp%2Fv2%2Fcomments&post=10251"}],"version-history":[{"count":1,"href":"https:\/\/baralivres.ma\/index.php?rest_route=\/wp\/v2\/product\/10251\/revisions"}],"predecessor-version":[{"id":10253,"href":"https:\/\/baralivres.ma\/index.php?rest_route=\/wp\/v2\/product\/10251\/revisions\/10253"}],"wp:featuredmedia":[{"embeddable":true,"href":"https:\/\/baralivres.ma\/index.php?rest_route=\/wp\/v2\/media\/10252"}],"wp:attachment":[{"href":"https:\/\/baralivres.ma\/index.php?rest_route=%2Fwp%2Fv2%2Fmedia&parent=10251"}],"wp:term":[{"taxonomy":"product_cat","embeddable":true,"href":"https:\/\/baralivres.ma\/index.php?rest_route=%2Fwp%2Fv2%2Fproduct_cat&post=10251"},{"taxonomy":"product_tag","embeddable":true,"href":"https:\/\/baralivres.ma\/index.php?rest_route=%2Fwp%2Fv2%2Fproduct_tag&post=10251"}],"curies":[{"name":"wp","href":"https:\/\/api.w.org\/{rel}","templated":true}]}}