{"id":10247,"date":"2023-08-25T11:55:37","date_gmt":"2023-08-25T10:55:37","guid":{"rendered":"https:\/\/baralivres.ma\/?post_type=product&#038;p=10247"},"modified":"2024-11-06T17:44:45","modified_gmt":"2024-11-06T16:44:45","slug":"les-animaux-de-la-ferme-mon-premier-livre-montessori","status":"publish","type":"product","link":"https:\/\/baralivres.ma\/?product=les-animaux-de-la-ferme-mon-premier-livre-montessori","title":{"rendered":"Les animaux de la ferme &#8211; Mon premier livre Montessori"},"content":{"rendered":"<p>Gr\u00e2ce \u00e0 ce livre inspir\u00e9 de la p\u00e9dagogie Montessori, l&rsquo;enfant va faire la connaissance des diff\u00e9rents animaux de la ferme : le poussin, le cheval, la vache, le cochon et bien d&rsquo;autres encore ! Tout en s&rsquo;amusant, il va apprendre \u00e0 les reconna\u00eetre, \u00e0 identifier ce qui les caract\u00e9rise et \u00e0 les nommer ! Une d\u00e9couverte unique par observations successives, associations, interrogations \u00e0 l&rsquo;enfant et petits exercices concrets.<\/p>\n","protected":false},"excerpt":{"rendered":"<p>Gr\u00e2ce \u00e0 ce livre inspir\u00e9 de la p\u00e9dagogie Montessori, l&rsquo;enfant va faire la connaissance des diff\u00e9rents animaux de la ferme : le poussin, le cheval, la vache, le cochon et bien d&rsquo;autres encore ! Tout en s&rsquo;amusant, il va apprendre \u00e0 les reconna\u00eetre, \u00e0 identifier ce qui les caract\u00e9rise et \u00e0 les nommer ! Une [&hellip;]<\/p>\n","protected":false},"featured_media":10248,"comment_status":"open","ping_status":"closed","template":"","meta":{"inline_featured_image":false},"product_cat":[3950,198],"product_tag":[],"class_list":{"0":"post-10247","1":"product","2":"type-product","3":"status-publish","4":"has-post-thumbnail","6":"product_cat-les-livres-cartonnes-francais","7":"product_cat-livres-animes","9":"first","10":"instock","11":"shipping-taxable","12":"purchasable","13":"product-type-simple"},"_links":{"self":[{"href":"https:\/\/baralivres.ma\/index.php?rest_route=\/wp\/v2\/product\/10247","targetHints":{"allow":["GET"]}}],"collection":[{"href":"https:\/\/baralivres.ma\/index.php?rest_route=\/wp\/v2\/product"}],"about":[{"href":"https:\/\/baralivres.ma\/index.php?rest_route=\/wp\/v2\/types\/product"}],"replies":[{"embeddable":true,"href":"https:\/\/baralivres.ma\/index.php?rest_route=%2Fwp%2Fv2%2Fcomments&post=10247"}],"version-history":[{"count":1,"href":"https:\/\/baralivres.ma\/index.php?rest_route=\/wp\/v2\/product\/10247\/revisions"}],"predecessor-version":[{"id":10249,"href":"https:\/\/baralivres.ma\/index.php?rest_route=\/wp\/v2\/product\/10247\/revisions\/10249"}],"wp:featuredmedia":[{"embeddable":true,"href":"https:\/\/baralivres.ma\/index.php?rest_route=\/wp\/v2\/media\/10248"}],"wp:attachment":[{"href":"https:\/\/baralivres.ma\/index.php?rest_route=%2Fwp%2Fv2%2Fmedia&parent=10247"}],"wp:term":[{"taxonomy":"product_cat","embeddable":true,"href":"https:\/\/baralivres.ma\/index.php?rest_route=%2Fwp%2Fv2%2Fproduct_cat&post=10247"},{"taxonomy":"product_tag","embeddable":true,"href":"https:\/\/baralivres.ma\/index.php?rest_route=%2Fwp%2Fv2%2Fproduct_tag&post=10247"}],"curies":[{"name":"wp","href":"https:\/\/api.w.org\/{rel}","templated":true}]}}