{"id":10235,"date":"2023-08-24T18:26:48","date_gmt":"2023-08-24T17:26:48","guid":{"rendered":"https:\/\/baralivres.ma\/?post_type=product&#038;p=10235"},"modified":"2024-11-06T17:45:16","modified_gmt":"2024-11-06T16:45:16","slug":"coucou-petit-hibou","status":"publish","type":"product","link":"https:\/\/baralivres.ma\/?product=coucou-petit-hibou","title":{"rendered":"Coucou, petit hibou !"},"content":{"rendered":"<p>Une petite histoire tendrement illustr\u00e9e \u00e0 raconter \u00e0 votre enfant. Et gr\u00e2ce \u00e0 la marionnette \u00e0 doigt toute douce, accroch\u00e9e au livre et \u00e0 animer au fil des pages trou\u00e9es, mimez le r\u00e9cit et donnez vie au hibou de l&rsquo;histoire pour un joli moment de complicit\u00e9.<\/p>\n","protected":false},"excerpt":{"rendered":"<p>Une petite histoire tendrement illustr\u00e9e \u00e0 raconter \u00e0 votre enfant. Et gr\u00e2ce \u00e0 la marionnette \u00e0 doigt toute douce, accroch\u00e9e au livre et \u00e0 animer au fil des pages trou\u00e9es, mimez le r\u00e9cit et donnez vie au hibou de l&rsquo;histoire pour un joli moment de complicit\u00e9.<\/p>\n","protected":false},"featured_media":10242,"comment_status":"open","ping_status":"closed","template":"","meta":{"inline_featured_image":false},"product_cat":[3950,198],"product_tag":[],"class_list":{"0":"post-10235","1":"product","2":"type-product","3":"status-publish","4":"has-post-thumbnail","6":"product_cat-les-livres-cartonnes-francais","7":"product_cat-livres-animes","9":"first","10":"instock","11":"shipping-taxable","12":"purchasable","13":"product-type-simple"},"_links":{"self":[{"href":"https:\/\/baralivres.ma\/index.php?rest_route=\/wp\/v2\/product\/10235","targetHints":{"allow":["GET"]}}],"collection":[{"href":"https:\/\/baralivres.ma\/index.php?rest_route=\/wp\/v2\/product"}],"about":[{"href":"https:\/\/baralivres.ma\/index.php?rest_route=\/wp\/v2\/types\/product"}],"replies":[{"embeddable":true,"href":"https:\/\/baralivres.ma\/index.php?rest_route=%2Fwp%2Fv2%2Fcomments&post=10235"}],"version-history":[{"count":1,"href":"https:\/\/baralivres.ma\/index.php?rest_route=\/wp\/v2\/product\/10235\/revisions"}],"predecessor-version":[{"id":10243,"href":"https:\/\/baralivres.ma\/index.php?rest_route=\/wp\/v2\/product\/10235\/revisions\/10243"}],"wp:featuredmedia":[{"embeddable":true,"href":"https:\/\/baralivres.ma\/index.php?rest_route=\/wp\/v2\/media\/10242"}],"wp:attachment":[{"href":"https:\/\/baralivres.ma\/index.php?rest_route=%2Fwp%2Fv2%2Fmedia&parent=10235"}],"wp:term":[{"taxonomy":"product_cat","embeddable":true,"href":"https:\/\/baralivres.ma\/index.php?rest_route=%2Fwp%2Fv2%2Fproduct_cat&post=10235"},{"taxonomy":"product_tag","embeddable":true,"href":"https:\/\/baralivres.ma\/index.php?rest_route=%2Fwp%2Fv2%2Fproduct_tag&post=10235"}],"curies":[{"name":"wp","href":"https:\/\/api.w.org\/{rel}","templated":true}]}}