{"id":10210,"date":"2023-08-24T18:07:59","date_gmt":"2023-08-24T17:07:59","guid":{"rendered":"https:\/\/baralivres.ma\/?post_type=product&#038;p=10210"},"modified":"2024-10-29T13:38:19","modified_gmt":"2024-10-29T12:38:19","slug":"pompons-la-foret","status":"publish","type":"product","link":"https:\/\/baralivres.ma\/?product=pompons-la-foret","title":{"rendered":"Pochette Mes Premi\u00e8res Activit\u00e9s &#8211; Les Animaux de la for\u00eat &#8211; Pompons"},"content":{"rendered":"<p><span class=\"a-text-bold\">Une pochette d\u2019activit\u00e9 d\u00e9di\u00e9e aux petits pour d\u00e9velopper leur cr\u00e9ativit\u00e9 !<\/span><\/p>\n<ul class=\"a-unordered-list a-vertical\">\n<li><span class=\"a-list-item\">5 tableaux des h\u00e9ros Disney Baby \u00e0 d\u00e9corer avec des pompons pour cr\u00e9er des tableaux tout en volume !<\/span><\/li>\n<li><span class=\"a-list-item\">40 pompons de couleurs et tailles diff\u00e9rentes.<\/span><\/li>\n<li><span class=\"a-list-item\">A l\u2019aide du stylet, les enfants pr\u00e9d\u00e9coup\u00e9es sur les tableaux et placent les pompons sur les zones autocollantes.<\/span><\/li>\n<\/ul>\n<p><span class=\"a-text-bold\">D\u00e8s 3 ans<\/span><\/p>\n","protected":false},"excerpt":{"rendered":"<p>Une pochette d\u2019activit\u00e9 d\u00e9di\u00e9e aux petits pour d\u00e9velopper leur cr\u00e9ativit\u00e9 ! 5 tableaux des h\u00e9ros Disney Baby \u00e0 d\u00e9corer avec des pompons pour cr\u00e9er des tableaux tout en volume ! 40 pompons de couleurs et tailles diff\u00e9rentes. A l\u2019aide du stylet, les enfants pr\u00e9d\u00e9coup\u00e9es sur les tableaux et placent les pompons sur les zones autocollantes. [&hellip;]<\/p>\n","protected":false},"featured_media":10216,"comment_status":"open","ping_status":"closed","template":"","meta":{"inline_featured_image":false},"product_cat":[3875,215,201,200],"product_tag":[],"class_list":{"0":"post-10210","1":"product","2":"type-product","3":"status-publish","4":"has-post-thumbnail","6":"product_cat-coffret-francais","7":"product_cat-enfant","8":"product_cat-coffret","9":"product_cat-activites","11":"first","12":"instock","13":"shipping-taxable","14":"purchasable","15":"product-type-simple"},"_links":{"self":[{"href":"https:\/\/baralivres.ma\/index.php?rest_route=\/wp\/v2\/product\/10210","targetHints":{"allow":["GET"]}}],"collection":[{"href":"https:\/\/baralivres.ma\/index.php?rest_route=\/wp\/v2\/product"}],"about":[{"href":"https:\/\/baralivres.ma\/index.php?rest_route=\/wp\/v2\/types\/product"}],"replies":[{"embeddable":true,"href":"https:\/\/baralivres.ma\/index.php?rest_route=%2Fwp%2Fv2%2Fcomments&post=10210"}],"version-history":[{"count":3,"href":"https:\/\/baralivres.ma\/index.php?rest_route=\/wp\/v2\/product\/10210\/revisions"}],"predecessor-version":[{"id":10227,"href":"https:\/\/baralivres.ma\/index.php?rest_route=\/wp\/v2\/product\/10210\/revisions\/10227"}],"wp:featuredmedia":[{"embeddable":true,"href":"https:\/\/baralivres.ma\/index.php?rest_route=\/wp\/v2\/media\/10216"}],"wp:attachment":[{"href":"https:\/\/baralivres.ma\/index.php?rest_route=%2Fwp%2Fv2%2Fmedia&parent=10210"}],"wp:term":[{"taxonomy":"product_cat","embeddable":true,"href":"https:\/\/baralivres.ma\/index.php?rest_route=%2Fwp%2Fv2%2Fproduct_cat&post=10210"},{"taxonomy":"product_tag","embeddable":true,"href":"https:\/\/baralivres.ma\/index.php?rest_route=%2Fwp%2Fv2%2Fproduct_tag&post=10210"}],"curies":[{"name":"wp","href":"https:\/\/api.w.org\/{rel}","templated":true}]}}