{"id":10200,"date":"2023-08-24T17:58:54","date_gmt":"2023-08-24T16:58:54","guid":{"rendered":"https:\/\/baralivres.ma\/?post_type=product&#038;p=10200"},"modified":"2026-03-10T10:18:37","modified_gmt":"2026-03-10T09:18:37","slug":"mon-imagier-puzzle-a-table","status":"publish","type":"product","link":"https:\/\/baralivres.ma\/?product=mon-imagier-puzzle-a-table","title":{"rendered":"Mon Imagier Puzzle-A table"},"content":{"rendered":"<p>Avec Mes Premiers Pas Disney Baby, pas apr\u00e8s pas, b\u00e9b\u00e9 deviendra grand ! Gr\u00e2ce \u00e0 cet imagier-puzzle aux couleurs des personnages de Disney, guidez votre enfant dans ses premiers apprentissages : faites-lui d\u00e9couvrir les aliments en l&rsquo;encourageant \u00e0 les reconna\u00eetre sur la page de gauche, \u00e0 les nommer et puis amusez-vous avec lui \u00e0 positionner en page de droite les quatre aliments repr\u00e9sent\u00e9s sur les pi\u00e8ces du puzzle.<br \/>\nUn imagier tout carton avec 4 pi\u00e8ces de puzzle de forme ronde par double page, facile \u00e0 manipuler pour les petites mains. D\u00e8s 12 mois.<\/p>\n","protected":false},"excerpt":{"rendered":"<p>Avec Mes Premiers Pas Disney Baby, pas apr\u00e8s pas, b\u00e9b\u00e9 deviendra grand ! Gr\u00e2ce \u00e0 cet imagier-puzzle aux couleurs des personnages de Disney, guidez votre enfant dans ses premiers apprentissages : faites-lui d\u00e9couvrir les aliments en l&rsquo;encourageant \u00e0 les reconna\u00eetre sur la page de gauche, \u00e0 les nommer et puis amusez-vous avec lui \u00e0 positionner [&hellip;]<\/p>\n","protected":false},"featured_media":10202,"comment_status":"open","ping_status":"closed","template":"","meta":{"inline_featured_image":false},"product_cat":[3950,212,198,200],"product_tag":[],"class_list":{"0":"post-10200","1":"product","2":"type-product","3":"status-publish","4":"has-post-thumbnail","6":"product_cat-les-livres-cartonnes-francais","7":"product_cat-puzzle","8":"product_cat-livres-animes","9":"product_cat-activites","11":"first","12":"outofstock","13":"shipping-taxable","14":"purchasable","15":"product-type-simple"},"_links":{"self":[{"href":"https:\/\/baralivres.ma\/index.php?rest_route=\/wp\/v2\/product\/10200","targetHints":{"allow":["GET"]}}],"collection":[{"href":"https:\/\/baralivres.ma\/index.php?rest_route=\/wp\/v2\/product"}],"about":[{"href":"https:\/\/baralivres.ma\/index.php?rest_route=\/wp\/v2\/types\/product"}],"replies":[{"embeddable":true,"href":"https:\/\/baralivres.ma\/index.php?rest_route=%2Fwp%2Fv2%2Fcomments&post=10200"}],"version-history":[{"count":1,"href":"https:\/\/baralivres.ma\/index.php?rest_route=\/wp\/v2\/product\/10200\/revisions"}],"predecessor-version":[{"id":10204,"href":"https:\/\/baralivres.ma\/index.php?rest_route=\/wp\/v2\/product\/10200\/revisions\/10204"}],"wp:featuredmedia":[{"embeddable":true,"href":"https:\/\/baralivres.ma\/index.php?rest_route=\/wp\/v2\/media\/10202"}],"wp:attachment":[{"href":"https:\/\/baralivres.ma\/index.php?rest_route=%2Fwp%2Fv2%2Fmedia&parent=10200"}],"wp:term":[{"taxonomy":"product_cat","embeddable":true,"href":"https:\/\/baralivres.ma\/index.php?rest_route=%2Fwp%2Fv2%2Fproduct_cat&post=10200"},{"taxonomy":"product_tag","embeddable":true,"href":"https:\/\/baralivres.ma\/index.php?rest_route=%2Fwp%2Fv2%2Fproduct_tag&post=10200"}],"curies":[{"name":"wp","href":"https:\/\/api.w.org\/{rel}","templated":true}]}}