{"id":10189,"date":"2023-08-24T17:48:14","date_gmt":"2023-08-24T16:48:14","guid":{"rendered":"https:\/\/baralivres.ma\/?post_type=product&#038;p=10189"},"modified":"2024-11-06T22:52:53","modified_gmt":"2024-11-06T21:52:53","slug":"palette-magique-grands-classiques-disney-pinceau-palettes-inclus","status":"publish","type":"product","link":"https:\/\/baralivres.ma\/?product=palette-magique-grands-classiques-disney-pinceau-palettes-inclus","title":{"rendered":"Palette magique Grands classiques Disney: Pinceau &amp; palettes inclus"},"content":{"rendered":"<p>Initiez-vous \u00e0 l&rsquo;aquarelle avec la palette magique d&rsquo;Art-th\u00e9rapie : coloriez pr\u00e8s de 25 illustrations \u00e0 laide d&rsquo;un simple pinceau et d&rsquo;un peu d&rsquo;eau, et choisissez les couleurs qui vous inspirent en utilisant les diff\u00e9rentes palettes magiques fournies dans cet ouvrage.<\/p>\n<p>Le Roi Lion, WALL-E ou Nemo, les Grands Classiques Disney vous invitent \u00e0 prendre le pinceau pour s&rsquo;initier \u00e0 la magie de l&rsquo;aquarelle : faites varier les nuances de vos personnages pr\u00e9f\u00e9r\u00e9s et donnez-leur vie \u00e0 l&rsquo;aide de couleurs \u00e9clatantes ou d\u00e9licates !<\/p>\n","protected":false},"excerpt":{"rendered":"<ul class=\"a-unordered-list a-nostyle a-vertical a-spacing-none detail-bullet-list\">\n<li><span class=\"a-list-item\"><span class=\"a-text-bold\">Publisher \u200f : \u200e\u00a0<\/span>HACHETTE HEROES (July 8, 2020)<\/span><\/li>\n<li><span class=\"a-list-item\"><span class=\"a-text-bold\">Language \u200f : \u200e FRENSH<\/span><\/span><\/li>\n<li><span class=\"a-list-item\"><span class=\"a-text-bold\">Paperback \u200f : \u200e\u00a0<\/span>78 pages<\/span><\/li>\n<li><span class=\"a-list-item\"><span class=\"a-text-bold\">ISBN-10 \u200f : \u200e\u00a0<\/span>2017095753<\/span><\/li>\n<li><span class=\"a-list-item\"><span class=\"a-text-bold\">ISBN-13 \u200f : \u200e\u00a0<\/span>978-2017095750<\/span><\/li>\n<li><span class=\"a-list-item\"><span class=\"a-text-bold\">Item Weight \u200f : \u200e\u00a0<\/span>15.5 ounces<\/span><\/li>\n<li><span class=\"a-list-item\"><span class=\"a-text-bold\">Dimensions \u200f : \u200e\u00a0<\/span>8.46 x 0.31 x 11.81 inches<\/span><\/li>\n<\/ul>\n","protected":false},"featured_media":10191,"comment_status":"open","ping_status":"closed","template":"","meta":{"inline_featured_image":false},"product_cat":[210,200],"product_tag":[],"class_list":{"0":"post-10189","1":"product","2":"type-product","3":"status-publish","4":"has-post-thumbnail","6":"product_cat-activites-bebe-enfant","7":"product_cat-activites","9":"first","10":"instock","11":"shipping-taxable","12":"purchasable","13":"product-type-simple"},"_links":{"self":[{"href":"https:\/\/baralivres.ma\/index.php?rest_route=\/wp\/v2\/product\/10189","targetHints":{"allow":["GET"]}}],"collection":[{"href":"https:\/\/baralivres.ma\/index.php?rest_route=\/wp\/v2\/product"}],"about":[{"href":"https:\/\/baralivres.ma\/index.php?rest_route=\/wp\/v2\/types\/product"}],"replies":[{"embeddable":true,"href":"https:\/\/baralivres.ma\/index.php?rest_route=%2Fwp%2Fv2%2Fcomments&post=10189"}],"version-history":[{"count":1,"href":"https:\/\/baralivres.ma\/index.php?rest_route=\/wp\/v2\/product\/10189\/revisions"}],"predecessor-version":[{"id":10192,"href":"https:\/\/baralivres.ma\/index.php?rest_route=\/wp\/v2\/product\/10189\/revisions\/10192"}],"wp:featuredmedia":[{"embeddable":true,"href":"https:\/\/baralivres.ma\/index.php?rest_route=\/wp\/v2\/media\/10191"}],"wp:attachment":[{"href":"https:\/\/baralivres.ma\/index.php?rest_route=%2Fwp%2Fv2%2Fmedia&parent=10189"}],"wp:term":[{"taxonomy":"product_cat","embeddable":true,"href":"https:\/\/baralivres.ma\/index.php?rest_route=%2Fwp%2Fv2%2Fproduct_cat&post=10189"},{"taxonomy":"product_tag","embeddable":true,"href":"https:\/\/baralivres.ma\/index.php?rest_route=%2Fwp%2Fv2%2Fproduct_tag&post=10189"}],"curies":[{"name":"wp","href":"https:\/\/api.w.org\/{rel}","templated":true}]}}