{"id":10184,"date":"2023-08-24T17:48:48","date_gmt":"2023-08-24T16:48:48","guid":{"rendered":"https:\/\/baralivres.ma\/?post_type=product&#038;p=10184"},"modified":"2024-11-18T16:58:57","modified_gmt":"2024-11-18T15:58:57","slug":"mon-imagier-puzzle-les-saisons","status":"publish","type":"product","link":"https:\/\/baralivres.ma\/?product=mon-imagier-puzzle-les-saisons","title":{"rendered":"Mon Imagier Puzzle-Les saisons"},"content":{"rendered":"<p><span class=\"a-text-bold\">Un puzzle-imagier pour les tout-petits avec 4 grandes pi\u00e8ces de puzzle par page.<\/span><br \/>\nLes grandes pi\u00e8ces de puzzles rondes sont faciles \u00e0 utiliser pour les petites mains. Disney Baby s&rsquo;adresse aux enfants de 0-3 ans, et les accompagne dans leurs 1\u00e8res d\u00e9couvertes. Des illustrations amusantes et craquantes, des formes simples et les personnages Disney dans un graphisme in\u00e9dit pour des livres ludiques.<br \/>\nUn joli imagier pour d\u00e9couvrir les saisons en douceur !<\/p>\n","protected":false},"excerpt":{"rendered":"<p>Observer, nommer, assembler. D\u00e9couvre les saisons avec tes h\u00e9ros Disney pr\u00e9f\u00e9r\u00e9s ! Observe chaque sc\u00e8ne et cherche les \u00e9l\u00e9ments en t&rsquo;aidant de tes pi\u00e8ces de puzzle pour apprendre de nouveaux mots.<\/p>\n","protected":false},"featured_media":10193,"comment_status":"open","ping_status":"closed","template":"","meta":{"inline_featured_image":false},"product_cat":[212],"product_tag":[],"class_list":{"0":"post-10184","1":"product","2":"type-product","3":"status-publish","4":"has-post-thumbnail","6":"product_cat-puzzle","8":"first","9":"instock","10":"shipping-taxable","11":"purchasable","12":"product-type-simple"},"_links":{"self":[{"href":"https:\/\/baralivres.ma\/index.php?rest_route=\/wp\/v2\/product\/10184","targetHints":{"allow":["GET"]}}],"collection":[{"href":"https:\/\/baralivres.ma\/index.php?rest_route=\/wp\/v2\/product"}],"about":[{"href":"https:\/\/baralivres.ma\/index.php?rest_route=\/wp\/v2\/types\/product"}],"replies":[{"embeddable":true,"href":"https:\/\/baralivres.ma\/index.php?rest_route=%2Fwp%2Fv2%2Fcomments&post=10184"}],"version-history":[{"count":1,"href":"https:\/\/baralivres.ma\/index.php?rest_route=\/wp\/v2\/product\/10184\/revisions"}],"predecessor-version":[{"id":10195,"href":"https:\/\/baralivres.ma\/index.php?rest_route=\/wp\/v2\/product\/10184\/revisions\/10195"}],"wp:featuredmedia":[{"embeddable":true,"href":"https:\/\/baralivres.ma\/index.php?rest_route=\/wp\/v2\/media\/10193"}],"wp:attachment":[{"href":"https:\/\/baralivres.ma\/index.php?rest_route=%2Fwp%2Fv2%2Fmedia&parent=10184"}],"wp:term":[{"taxonomy":"product_cat","embeddable":true,"href":"https:\/\/baralivres.ma\/index.php?rest_route=%2Fwp%2Fv2%2Fproduct_cat&post=10184"},{"taxonomy":"product_tag","embeddable":true,"href":"https:\/\/baralivres.ma\/index.php?rest_route=%2Fwp%2Fv2%2Fproduct_tag&post=10184"}],"curies":[{"name":"wp","href":"https:\/\/api.w.org\/{rel}","templated":true}]}}