{"id":10181,"date":"2023-08-24T17:43:31","date_gmt":"2023-08-24T16:43:31","guid":{"rendered":"https:\/\/baralivres.ma\/?post_type=product&#038;p=10181"},"modified":"2024-11-06T22:54:46","modified_gmt":"2024-11-06T21:54:46","slug":"colos-mysteres-points-a-relier","status":"publish","type":"product","link":"https:\/\/baralivres.ma\/?product=colos-mysteres-points-a-relier","title":{"rendered":"Colos myst\u00e8res Points \u00e0 relier"},"content":{"rendered":"<p>Un toucan, un tipi, un phare&#8230; Et bien d&rsquo;autres encore ! D\u00e9couvre toutes sortes d&rsquo;animaux et autres monuments \u00e0 travers des informations documentaires et des coloriages en points \u00e0 relier magnifiques. Cette activit\u00e9 demande \u00e0 l&rsquo;enfant de la patience et de l&rsquo;application, et procure \u00e0 la fin le plaisir d&rsquo;offrir des tableaux tout en couleurs tr\u00e8s r\u00e9ussis !<\/p>\n","protected":false},"excerpt":{"rendered":"<p>Un toucan, un tipi, un phare&#8230; Et bien d&rsquo;autres encore ! D\u00e9couvre toutes sortes d&rsquo;animaux et autres monuments \u00e0 travers des informations documentaires et des coloriages en points \u00e0 relier magnifiques. Cette activit\u00e9 demande \u00e0 l&rsquo;enfant de la patience et de l&rsquo;application, et procure \u00e0 la fin le plaisir d&rsquo;offrir des tableaux tout en couleurs [&hellip;]<\/p>\n","protected":false},"featured_media":10207,"comment_status":"open","ping_status":"closed","template":"","meta":{"inline_featured_image":false},"product_cat":[3575],"product_tag":[],"class_list":{"0":"post-10181","1":"product","2":"type-product","3":"status-publish","4":"has-post-thumbnail","6":"product_cat-art-therapie","8":"first","9":"instock","10":"shipping-taxable","11":"purchasable","12":"product-type-simple"},"_links":{"self":[{"href":"https:\/\/baralivres.ma\/index.php?rest_route=\/wp\/v2\/product\/10181","targetHints":{"allow":["GET"]}}],"collection":[{"href":"https:\/\/baralivres.ma\/index.php?rest_route=\/wp\/v2\/product"}],"about":[{"href":"https:\/\/baralivres.ma\/index.php?rest_route=\/wp\/v2\/types\/product"}],"replies":[{"embeddable":true,"href":"https:\/\/baralivres.ma\/index.php?rest_route=%2Fwp%2Fv2%2Fcomments&post=10181"}],"version-history":[{"count":1,"href":"https:\/\/baralivres.ma\/index.php?rest_route=\/wp\/v2\/product\/10181\/revisions"}],"predecessor-version":[{"id":10185,"href":"https:\/\/baralivres.ma\/index.php?rest_route=\/wp\/v2\/product\/10181\/revisions\/10185"}],"wp:featuredmedia":[{"embeddable":true,"href":"https:\/\/baralivres.ma\/index.php?rest_route=\/wp\/v2\/media\/10207"}],"wp:attachment":[{"href":"https:\/\/baralivres.ma\/index.php?rest_route=%2Fwp%2Fv2%2Fmedia&parent=10181"}],"wp:term":[{"taxonomy":"product_cat","embeddable":true,"href":"https:\/\/baralivres.ma\/index.php?rest_route=%2Fwp%2Fv2%2Fproduct_cat&post=10181"},{"taxonomy":"product_tag","embeddable":true,"href":"https:\/\/baralivres.ma\/index.php?rest_route=%2Fwp%2Fv2%2Fproduct_tag&post=10181"}],"curies":[{"name":"wp","href":"https:\/\/api.w.org\/{rel}","templated":true}]}}