{"id":10178,"date":"2023-08-24T17:40:49","date_gmt":"2023-08-24T16:40:49","guid":{"rendered":"https:\/\/baralivres.ma\/?post_type=product&#038;p=10178"},"modified":"2024-11-06T22:55:27","modified_gmt":"2024-11-06T21:55:27","slug":"10178","status":"publish","type":"product","link":"https:\/\/baralivres.ma\/?product=10178","title":{"rendered":"ROSERAIE MERVEILLEUSE"},"content":{"rendered":"<p>Poussez la porte d&rsquo;une roseraie enchanteresse pour une parenth\u00e8se cr\u00e9ative et apaisante ! Les deux posters \u00e0 colorier mesurent chacun 75 x 60 centim\u00e8tres et peuvent s&rsquo;assembler pour composer une sc\u00e8ne panoramique d&rsquo;1,50 m\u00e8tre de long. Certaines zones sont pr\u00e9-colori\u00e9es \u00e0 l&rsquo;encre argent\u00e9e pour sublimer vos cr\u00e9ations. Accrochez vos posters chez vous et attendez-vous \u00e0 recevoir des compliments !<\/p>\n","protected":false},"excerpt":{"rendered":"<p>Poussez la porte d&rsquo;une roseraie enchanteresse pour une parenth\u00e8se cr\u00e9ative et apaisante ! Les deux posters \u00e0 colorier mesurent chacun 75 x 60 centim\u00e8tres et peuvent s&rsquo;assembler pour composer une sc\u00e8ne panoramique d&rsquo;1,50 m\u00e8tre de long. Certaines zones sont pr\u00e9-colori\u00e9es \u00e0 l&rsquo;encre argent\u00e9e pour sublimer vos cr\u00e9ations. Accrochez vos posters chez vous et attendez-vous \u00e0 [&hellip;]<\/p>\n","protected":false},"featured_media":10179,"comment_status":"open","ping_status":"closed","template":"","meta":{"inline_featured_image":false},"product_cat":[3575],"product_tag":[],"class_list":{"0":"post-10178","1":"product","2":"type-product","3":"status-publish","4":"has-post-thumbnail","6":"product_cat-art-therapie","8":"first","9":"instock","10":"shipping-taxable","11":"purchasable","12":"product-type-simple"},"_links":{"self":[{"href":"https:\/\/baralivres.ma\/index.php?rest_route=\/wp\/v2\/product\/10178","targetHints":{"allow":["GET"]}}],"collection":[{"href":"https:\/\/baralivres.ma\/index.php?rest_route=\/wp\/v2\/product"}],"about":[{"href":"https:\/\/baralivres.ma\/index.php?rest_route=\/wp\/v2\/types\/product"}],"replies":[{"embeddable":true,"href":"https:\/\/baralivres.ma\/index.php?rest_route=%2Fwp%2Fv2%2Fcomments&post=10178"}],"version-history":[{"count":2,"href":"https:\/\/baralivres.ma\/index.php?rest_route=\/wp\/v2\/product\/10178\/revisions"}],"predecessor-version":[{"id":10209,"href":"https:\/\/baralivres.ma\/index.php?rest_route=\/wp\/v2\/product\/10178\/revisions\/10209"}],"wp:featuredmedia":[{"embeddable":true,"href":"https:\/\/baralivres.ma\/index.php?rest_route=\/wp\/v2\/media\/10179"}],"wp:attachment":[{"href":"https:\/\/baralivres.ma\/index.php?rest_route=%2Fwp%2Fv2%2Fmedia&parent=10178"}],"wp:term":[{"taxonomy":"product_cat","embeddable":true,"href":"https:\/\/baralivres.ma\/index.php?rest_route=%2Fwp%2Fv2%2Fproduct_cat&post=10178"},{"taxonomy":"product_tag","embeddable":true,"href":"https:\/\/baralivres.ma\/index.php?rest_route=%2Fwp%2Fv2%2Fproduct_tag&post=10178"}],"curies":[{"name":"wp","href":"https:\/\/api.w.org\/{rel}","templated":true}]}}