{"id":10176,"date":"2023-08-24T17:42:08","date_gmt":"2023-08-24T16:42:08","guid":{"rendered":"https:\/\/baralivres.ma\/?post_type=product&#038;p=10176"},"modified":"2024-11-18T16:59:28","modified_gmt":"2024-11-18T15:59:28","slug":"la-journee-de-bebe","status":"publish","type":"product","link":"https:\/\/baralivres.ma\/?product=la-journee-de-bebe","title":{"rendered":"Mon Imagier Puzzle-La journ\u00e9e de B\u00e9b\u00e9"},"content":{"rendered":"<div id=\"bookDescription_feature_div\" class=\"celwidget\" data-feature-name=\"bookDescription\" data-csa-c-type=\"widget\" data-csa-c-content-id=\"bookDescription\" data-csa-c-slot-id=\"bookDescription_feature_div\" data-csa-c-asin=\"201710888X\" data-csa-c-is-in-initial-active-row=\"false\" data-csa-c-id=\"7ep8n0-vwyeno-pq5jf9-sa097a\" data-cel-widget=\"bookDescription_feature_div\">\n<div class=\"a-expander-collapsed-height a-row a-expander-container a-spacing-base a-expander-partial-collapse-container\" data-a-expander-name=\"book_description_expander\" data-a-expander-collapsed-height=\"200\">\n<div class=\"a-expander-content a-expander-partial-collapse-content\" aria-expanded=\"false\"><span class=\"a-text-bold\">Un puzzle-imagier pour les tout-petits avec 4 grandes pi\u00e8ces de puzzle par page.<\/span><br \/>\nLes grandes pi\u00e8ces de puzzles rondes sont faciles \u00e0 utiliser pour les petites mains. Disney Baby s&rsquo;adresse aux enfants de 0-3 ans, et les accompagne dans leurs 1\u00e8res d\u00e9couvertes. Des illustrations amusantes et craquantes, des formes simples et les personnages Disney dans un graphisme in\u00e9dit pour des livres ludiques.<br \/>\nUn joli imagier sur tous les moments de la journ\u00e9e de b\u00e9b\u00e9 : les repas, les jeux, la sieste, le bain, le coucher\u2026 tout en douceur !<\/div>\n<\/div>\n<\/div>\n<div id=\"globalStoreInfoBullets_feature_div\" class=\"celwidget\" data-feature-name=\"globalStoreInfoBullets\" data-csa-c-type=\"widget\" data-csa-c-content-id=\"globalStoreInfoBullets\" data-csa-c-slot-id=\"globalStoreInfoBullets_feature_div\" data-csa-c-asin=\"201710888X\" data-csa-c-is-in-initial-active-row=\"false\" data-csa-c-id=\"s760jp-s9qzw6-xy668b-blq7wz\" data-cel-widget=\"globalStoreInfoBullets_feature_div\"><\/div>\n<div id=\"buyingOptionNostosBadge_feature_div\" class=\"celwidget\" data-feature-name=\"buyingOptionNostosBadge\" data-csa-c-type=\"widget\" data-csa-c-content-id=\"buyingOptionNostosBadge\" data-csa-c-slot-id=\"buyingOptionNostosBadge_feature_div\" data-csa-c-asin=\"201710888X\" data-csa-c-is-in-initial-active-row=\"false\" data-csa-c-id=\"bhxcl1-q3icvx-nssj7p-dtr438\" data-cel-widget=\"buyingOptionNostosBadge_feature_div\"><\/div>\n<div id=\"edpIngress_feature_div\" class=\"celwidget\" data-feature-name=\"edpIngress\" data-csa-c-type=\"widget\" data-csa-c-content-id=\"edpIngress\" data-csa-c-slot-id=\"edpIngress_feature_div\" data-csa-c-asin=\"201710888X\" data-csa-c-is-in-initial-active-row=\"false\" data-csa-c-id=\"aobqf0-5vjkg1-u8fewy-90clo3\" data-cel-widget=\"edpIngress_feature_div\"><\/div>\n<div id=\"richProductInformation_feature_div\" class=\"celwidget\" data-feature-name=\"richProductInformation\" data-csa-c-type=\"widget\" data-csa-c-content-id=\"richProductInformation\" data-csa-c-slot-id=\"richProductInformation_feature_div\" data-csa-c-asin=\"201710888X\" data-csa-c-is-in-initial-active-row=\"false\" data-csa-c-id=\"5bmips-waj0cv-b59i77-ge6cwe\" data-cel-widget=\"richProductInformation_feature_div\">\n<div id=\"rich_product_information\" class=\"a-section a-spacing-none celwidget\" data-csa-c-id=\"xwp8hb-2vsv-3lbsof-g5l019\" data-cel-widget=\"rich_product_information\"><\/div>\n<\/div>\n<div id=\"globalStoreInfoBullets_feature_div\" class=\"celwidget\" data-feature-name=\"globalStoreInfoBullets\" data-csa-c-type=\"widget\" data-csa-c-content-id=\"globalStoreInfoBullets\" data-csa-c-slot-id=\"globalStoreInfoBullets_feature_div\" data-csa-c-asin=\"201710888X\" data-csa-c-is-in-initial-active-row=\"false\" data-csa-c-id=\"s760jp-s9qzw6-xy668b-blq7wz\" data-cel-widget=\"globalStoreInfoBullets_feature_div\"><\/div>\n<div id=\"buyingOptionNostosBadge_feature_div\" class=\"celwidget\" data-feature-name=\"buyingOptionNostosBadge\" data-csa-c-type=\"widget\" data-csa-c-content-id=\"buyingOptionNostosBadge\" data-csa-c-slot-id=\"buyingOptionNostosBadge_feature_div\" data-csa-c-asin=\"201710888X\" data-csa-c-is-in-initial-active-row=\"false\" data-csa-c-id=\"bhxcl1-q3icvx-nssj7p-dtr438\" data-cel-widget=\"buyingOptionNostosBadge_feature_div\"><\/div>\n<div id=\"edpIngress_feature_div\" class=\"celwidget\" data-feature-name=\"edpIngress\" data-csa-c-type=\"widget\" data-csa-c-content-id=\"edpIngress\" data-csa-c-slot-id=\"edpIngress_feature_div\" data-csa-c-asin=\"201710888X\" data-csa-c-is-in-initial-active-row=\"false\" data-csa-c-id=\"aobqf0-5vjkg1-u8fewy-90clo3\" data-cel-widget=\"edpIngress_feature_div\"><\/div>\n<div id=\"richProductInformation_feature_div\" class=\"celwidget\" data-feature-name=\"richProductInformation\" data-csa-c-type=\"widget\" data-csa-c-content-id=\"richProductInformation\" data-csa-c-slot-id=\"richProductInformation_feature_div\" data-csa-c-asin=\"201710888X\" data-csa-c-is-in-initial-active-row=\"false\" data-csa-c-id=\"5bmips-waj0cv-b59i77-ge6cwe\" data-cel-widget=\"richProductInformation_feature_div\">\n<div id=\"rich_product_information\" class=\"a-section a-spacing-none celwidget\" data-csa-c-id=\"xwp8hb-2vsv-3lbsof-g5l019\" data-cel-widget=\"rich_product_information\"><\/div>\n<\/div>\n","protected":false},"excerpt":{"rendered":"<p>Observer, nommer, assembler. Vis une journ\u00e9e avec tes b\u00e9b\u00e9s Disney pr\u00e9f\u00e9r\u00e9s ! Observe chaque sc\u00e8ne et cherche les \u00e9l\u00e9ments en t&rsquo;aidant de tes pi\u00e8ces de puzzle pour apprendre de nouveaux mots.<\/p>\n","protected":false},"featured_media":10182,"comment_status":"open","ping_status":"closed","template":"","meta":{"inline_featured_image":false},"product_cat":[212],"product_tag":[],"class_list":{"0":"post-10176","1":"product","2":"type-product","3":"status-publish","4":"has-post-thumbnail","6":"product_cat-puzzle","8":"first","9":"instock","10":"shipping-taxable","11":"purchasable","12":"product-type-simple"},"_links":{"self":[{"href":"https:\/\/baralivres.ma\/index.php?rest_route=\/wp\/v2\/product\/10176","targetHints":{"allow":["GET"]}}],"collection":[{"href":"https:\/\/baralivres.ma\/index.php?rest_route=\/wp\/v2\/product"}],"about":[{"href":"https:\/\/baralivres.ma\/index.php?rest_route=\/wp\/v2\/types\/product"}],"replies":[{"embeddable":true,"href":"https:\/\/baralivres.ma\/index.php?rest_route=%2Fwp%2Fv2%2Fcomments&post=10176"}],"version-history":[{"count":2,"href":"https:\/\/baralivres.ma\/index.php?rest_route=\/wp\/v2\/product\/10176\/revisions"}],"predecessor-version":[{"id":10197,"href":"https:\/\/baralivres.ma\/index.php?rest_route=\/wp\/v2\/product\/10176\/revisions\/10197"}],"wp:featuredmedia":[{"embeddable":true,"href":"https:\/\/baralivres.ma\/index.php?rest_route=\/wp\/v2\/media\/10182"}],"wp:attachment":[{"href":"https:\/\/baralivres.ma\/index.php?rest_route=%2Fwp%2Fv2%2Fmedia&parent=10176"}],"wp:term":[{"taxonomy":"product_cat","embeddable":true,"href":"https:\/\/baralivres.ma\/index.php?rest_route=%2Fwp%2Fv2%2Fproduct_cat&post=10176"},{"taxonomy":"product_tag","embeddable":true,"href":"https:\/\/baralivres.ma\/index.php?rest_route=%2Fwp%2Fv2%2Fproduct_tag&post=10176"}],"curies":[{"name":"wp","href":"https:\/\/api.w.org\/{rel}","templated":true}]}}