{"id":10170,"date":"2023-08-24T17:36:44","date_gmt":"2023-08-24T16:36:44","guid":{"rendered":"https:\/\/baralivres.ma\/?post_type=product&#038;p=10170"},"modified":"2024-11-06T22:55:58","modified_gmt":"2024-11-06T21:55:58","slug":"puppies-les-carres-dart-therapie","status":"publish","type":"product","link":"https:\/\/baralivres.ma\/?product=puppies-les-carres-dart-therapie","title":{"rendered":"PUPPIES LES CARRES D&rsquo;ART THERAPIE"},"content":{"rendered":"<p>Retrouvez le plaisir de cr\u00e9er gr\u00e2ce \u00e0 ce livre de coloriages in\u00e9dits, sign\u00e9 par un artiste pour Art-th\u00e9rapie. 100 motifs d\u00e9taill\u00e9s \u00e0 colorier : chiots, chatons, b\u00e9b\u00e9s manchots, koalas, girafons et autres animaux mignons&#8230;Un mini-kit de papeterie \u00e0 personnaliser : papier \u00e0 lettres, \u00e9tiquettes et marque-pages.Craquez pour ces tendres boules de poils et mettez des couleurs dans votre vie.<\/p>\n","protected":false},"excerpt":{"rendered":"<ul>\n<li>DIMENSIONS: 17,5 cm \u00d7 17,5 cm \u00d7 1,5 cm<\/li>\n<li>NB DE\u00a0PAGES : 128 pages<\/li>\n<li>EDITEUR : HACHETTE<\/li>\n<\/ul>\n","protected":false},"featured_media":10175,"comment_status":"open","ping_status":"closed","template":"","meta":{"inline_featured_image":false},"product_cat":[3575],"product_tag":[],"class_list":{"0":"post-10170","1":"product","2":"type-product","3":"status-publish","4":"has-post-thumbnail","6":"product_cat-art-therapie","8":"first","9":"instock","10":"shipping-taxable","11":"purchasable","12":"product-type-simple"},"_links":{"self":[{"href":"https:\/\/baralivres.ma\/index.php?rest_route=\/wp\/v2\/product\/10170","targetHints":{"allow":["GET"]}}],"collection":[{"href":"https:\/\/baralivres.ma\/index.php?rest_route=\/wp\/v2\/product"}],"about":[{"href":"https:\/\/baralivres.ma\/index.php?rest_route=\/wp\/v2\/types\/product"}],"replies":[{"embeddable":true,"href":"https:\/\/baralivres.ma\/index.php?rest_route=%2Fwp%2Fv2%2Fcomments&post=10170"}],"version-history":[{"count":1,"href":"https:\/\/baralivres.ma\/index.php?rest_route=\/wp\/v2\/product\/10170\/revisions"}],"predecessor-version":[{"id":10177,"href":"https:\/\/baralivres.ma\/index.php?rest_route=\/wp\/v2\/product\/10170\/revisions\/10177"}],"wp:featuredmedia":[{"embeddable":true,"href":"https:\/\/baralivres.ma\/index.php?rest_route=\/wp\/v2\/media\/10175"}],"wp:attachment":[{"href":"https:\/\/baralivres.ma\/index.php?rest_route=%2Fwp%2Fv2%2Fmedia&parent=10170"}],"wp:term":[{"taxonomy":"product_cat","embeddable":true,"href":"https:\/\/baralivres.ma\/index.php?rest_route=%2Fwp%2Fv2%2Fproduct_cat&post=10170"},{"taxonomy":"product_tag","embeddable":true,"href":"https:\/\/baralivres.ma\/index.php?rest_route=%2Fwp%2Fv2%2Fproduct_tag&post=10170"}],"curies":[{"name":"wp","href":"https:\/\/api.w.org\/{rel}","templated":true}]}}