{"id":10159,"date":"2023-08-24T16:28:46","date_gmt":"2023-08-24T15:28:46","guid":{"rendered":"https:\/\/baralivres.ma\/?post_type=product&#038;p=10159"},"modified":"2024-11-18T17:00:19","modified_gmt":"2024-11-18T16:00:19","slug":"mes-vehicules-preferes","status":"publish","type":"product","link":"https:\/\/baralivres.ma\/?product=mes-vehicules-preferes","title":{"rendered":"Mes v\u00e9hicules pr\u00e9f\u00e9r\u00e9s"},"content":{"rendered":"<p>Du camion-citerne au sous-marin, un livre interactif pour d\u00e9couvrir tous les types de v\u00e9hicules, id\u00e9al pour \u00e9veiller votre enfant au monde qui l&rsquo;entoure. Pour enrichir le vocabulaire ; Pour apprendre en s&rsquo;amusant ; Avec des jeux d&rsquo;observation. Patapon est une collection con\u00e7ue par des sp\u00e9cialistes de la petite enfance. Test\u00e9e par les enfants, approuv\u00e9e par les parents.<\/p>\n","protected":false},"excerpt":{"rendered":"<p>Du camion-citerne au sous-marin, un livre interactif pour d\u00e9couvrir tous les types de v\u00e9hicules, id\u00e9al pour \u00e9veiller votre enfant au monde qui l&rsquo;entoure. Pour enrichir le vocabulaire ; Pour apprendre en s&rsquo;amusant ; Avec des jeux d&rsquo;observation. Patapon est une collection con\u00e7ue par des sp\u00e9cialistes de la petite enfance. Test\u00e9e par les enfants, approuv\u00e9e par [&hellip;]<\/p>\n","protected":false},"featured_media":10160,"comment_status":"open","ping_status":"closed","template":"","meta":{"inline_featured_image":false},"product_cat":[3952],"product_tag":[],"class_list":{"0":"post-10159","1":"product","2":"type-product","3":"status-publish","4":"has-post-thumbnail","6":"product_cat-les-livres-a-toucher-pour-bebe","8":"first","9":"instock","10":"shipping-taxable","11":"purchasable","12":"product-type-simple"},"_links":{"self":[{"href":"https:\/\/baralivres.ma\/index.php?rest_route=\/wp\/v2\/product\/10159","targetHints":{"allow":["GET"]}}],"collection":[{"href":"https:\/\/baralivres.ma\/index.php?rest_route=\/wp\/v2\/product"}],"about":[{"href":"https:\/\/baralivres.ma\/index.php?rest_route=\/wp\/v2\/types\/product"}],"replies":[{"embeddable":true,"href":"https:\/\/baralivres.ma\/index.php?rest_route=%2Fwp%2Fv2%2Fcomments&post=10159"}],"version-history":[{"count":1,"href":"https:\/\/baralivres.ma\/index.php?rest_route=\/wp\/v2\/product\/10159\/revisions"}],"predecessor-version":[{"id":10161,"href":"https:\/\/baralivres.ma\/index.php?rest_route=\/wp\/v2\/product\/10159\/revisions\/10161"}],"wp:featuredmedia":[{"embeddable":true,"href":"https:\/\/baralivres.ma\/index.php?rest_route=\/wp\/v2\/media\/10160"}],"wp:attachment":[{"href":"https:\/\/baralivres.ma\/index.php?rest_route=%2Fwp%2Fv2%2Fmedia&parent=10159"}],"wp:term":[{"taxonomy":"product_cat","embeddable":true,"href":"https:\/\/baralivres.ma\/index.php?rest_route=%2Fwp%2Fv2%2Fproduct_cat&post=10159"},{"taxonomy":"product_tag","embeddable":true,"href":"https:\/\/baralivres.ma\/index.php?rest_route=%2Fwp%2Fv2%2Fproduct_tag&post=10159"}],"curies":[{"name":"wp","href":"https:\/\/api.w.org\/{rel}","templated":true}]}}