{"id":10151,"date":"2023-08-24T16:25:48","date_gmt":"2023-08-24T15:25:48","guid":{"rendered":"https:\/\/baralivres.ma\/?post_type=product&#038;p=10151"},"modified":"2026-03-10T10:19:35","modified_gmt":"2026-03-10T09:19:35","slug":"les-formes","status":"publish","type":"product","link":"https:\/\/baralivres.ma\/?product=les-formes","title":{"rendered":"Les formes"},"content":{"rendered":"<p>Ce livre tout en carton plastifi\u00e9 est id\u00e9al pour les tout-petits d\u00e8s 18 mois. C&rsquo;est un livre d&rsquo;\u00e9veil o\u00f9 l&rsquo;enfant d\u00e9couvre les formes au travers d&rsquo;illustrations carr\u00e9s et arrondies. Des onglets permettent de tourner les pages plus facilement.<\/p>\n","protected":false},"excerpt":{"rendered":"<p>Ce livre tout en carton plastifi\u00e9 est id\u00e9al pour les tout-petits d\u00e8s 18 mois. C&rsquo;est un livre d&rsquo;\u00e9veil o\u00f9 l&rsquo;enfant d\u00e9couvre les formes au travers d&rsquo;illustrations carr\u00e9s et arrondies. Des onglets permettent de tourner les pages plus facilement.<\/p>\n","protected":false},"featured_media":10155,"comment_status":"open","ping_status":"closed","template":"","meta":{"inline_featured_image":false},"product_cat":[3950,198],"product_tag":[],"class_list":{"0":"post-10151","1":"product","2":"type-product","3":"status-publish","4":"has-post-thumbnail","6":"product_cat-les-livres-cartonnes-francais","7":"product_cat-livres-animes","9":"first","10":"outofstock","11":"shipping-taxable","12":"purchasable","13":"product-type-simple"},"_links":{"self":[{"href":"https:\/\/baralivres.ma\/index.php?rest_route=\/wp\/v2\/product\/10151","targetHints":{"allow":["GET"]}}],"collection":[{"href":"https:\/\/baralivres.ma\/index.php?rest_route=\/wp\/v2\/product"}],"about":[{"href":"https:\/\/baralivres.ma\/index.php?rest_route=\/wp\/v2\/types\/product"}],"replies":[{"embeddable":true,"href":"https:\/\/baralivres.ma\/index.php?rest_route=%2Fwp%2Fv2%2Fcomments&post=10151"}],"version-history":[{"count":1,"href":"https:\/\/baralivres.ma\/index.php?rest_route=\/wp\/v2\/product\/10151\/revisions"}],"predecessor-version":[{"id":10157,"href":"https:\/\/baralivres.ma\/index.php?rest_route=\/wp\/v2\/product\/10151\/revisions\/10157"}],"wp:featuredmedia":[{"embeddable":true,"href":"https:\/\/baralivres.ma\/index.php?rest_route=\/wp\/v2\/media\/10155"}],"wp:attachment":[{"href":"https:\/\/baralivres.ma\/index.php?rest_route=%2Fwp%2Fv2%2Fmedia&parent=10151"}],"wp:term":[{"taxonomy":"product_cat","embeddable":true,"href":"https:\/\/baralivres.ma\/index.php?rest_route=%2Fwp%2Fv2%2Fproduct_cat&post=10151"},{"taxonomy":"product_tag","embeddable":true,"href":"https:\/\/baralivres.ma\/index.php?rest_route=%2Fwp%2Fv2%2Fproduct_tag&post=10151"}],"curies":[{"name":"wp","href":"https:\/\/api.w.org\/{rel}","templated":true}]}}