{"id":10147,"date":"2023-08-24T16:23:46","date_gmt":"2023-08-24T15:23:46","guid":{"rendered":"https:\/\/baralivres.ma\/?post_type=product&#038;p=10147"},"modified":"2024-10-29T13:39:29","modified_gmt":"2024-10-29T12:39:29","slug":"mon-carnet-secret-a-customiser","status":"publish","type":"product","link":"https:\/\/baralivres.ma\/?product=mon-carnet-secret-a-customiser","title":{"rendered":"Mon carnet secret \u00e0 customiser"},"content":{"rendered":"<p>Famille, amis, amours : prends ton crayon \u00e0 paillettes et note dans ce carnet tous tes petits secrets. Avec Minnie, ils seront bien gard\u00e9s !<\/p>\n","protected":false},"excerpt":{"rendered":"<h5 class=\"product-title\">Avec 1 carnet \u00e0 compl\u00e9ter, 1 cadenas et sa cl\u00e9, 1 gomme, 1 stylo paillet\u00e9 et plein de stickers<\/h5>\n","protected":false},"featured_media":10152,"comment_status":"open","ping_status":"closed","template":"","meta":{"inline_featured_image":false},"product_cat":[3875,215,213,201,200],"product_tag":[],"class_list":{"0":"post-10147","1":"product","2":"type-product","3":"status-publish","4":"has-post-thumbnail","6":"product_cat-coffret-francais","7":"product_cat-enfant","8":"product_cat-carnet","9":"product_cat-coffret","10":"product_cat-activites","12":"first","13":"instock","14":"shipping-taxable","15":"purchasable","16":"product-type-simple"},"_links":{"self":[{"href":"https:\/\/baralivres.ma\/index.php?rest_route=\/wp\/v2\/product\/10147","targetHints":{"allow":["GET"]}}],"collection":[{"href":"https:\/\/baralivres.ma\/index.php?rest_route=\/wp\/v2\/product"}],"about":[{"href":"https:\/\/baralivres.ma\/index.php?rest_route=\/wp\/v2\/types\/product"}],"replies":[{"embeddable":true,"href":"https:\/\/baralivres.ma\/index.php?rest_route=%2Fwp%2Fv2%2Fcomments&post=10147"}],"version-history":[{"count":1,"href":"https:\/\/baralivres.ma\/index.php?rest_route=\/wp\/v2\/product\/10147\/revisions"}],"predecessor-version":[{"id":10153,"href":"https:\/\/baralivres.ma\/index.php?rest_route=\/wp\/v2\/product\/10147\/revisions\/10153"}],"wp:featuredmedia":[{"embeddable":true,"href":"https:\/\/baralivres.ma\/index.php?rest_route=\/wp\/v2\/media\/10152"}],"wp:attachment":[{"href":"https:\/\/baralivres.ma\/index.php?rest_route=%2Fwp%2Fv2%2Fmedia&parent=10147"}],"wp:term":[{"taxonomy":"product_cat","embeddable":true,"href":"https:\/\/baralivres.ma\/index.php?rest_route=%2Fwp%2Fv2%2Fproduct_cat&post=10147"},{"taxonomy":"product_tag","embeddable":true,"href":"https:\/\/baralivres.ma\/index.php?rest_route=%2Fwp%2Fv2%2Fproduct_tag&post=10147"}],"curies":[{"name":"wp","href":"https:\/\/api.w.org\/{rel}","templated":true}]}}