{"id":10141,"date":"2023-08-24T16:20:19","date_gmt":"2023-08-24T15:20:19","guid":{"rendered":"https:\/\/baralivres.ma\/?post_type=product&#038;p=10141"},"modified":"2024-10-29T14:40:47","modified_gmt":"2024-10-29T13:40:47","slug":"mon-bel-album-de-souvenirs","status":"publish","type":"product","link":"https:\/\/baralivres.ma\/?product=mon-bel-album-de-souvenirs","title":{"rendered":"MON BEL ALBUM DE SOUVENIRS"},"content":{"rendered":"<p>Un joli album photos ou conserver le souvenir de ses moments pr\u00e9f\u00e9r\u00e9s, avec les tendres illustrations de Holly Hobbie.<\/p>\n","protected":false},"excerpt":{"rendered":"<p>Un joli album photos ou conserver le souvenir de ses moments pr\u00e9f\u00e9r\u00e9s, avec les tendres illustrations de Holly Hobbie.<\/p>\n","protected":false},"featured_media":10145,"comment_status":"open","ping_status":"closed","template":"","meta":{"inline_featured_image":false},"product_cat":[215,213],"product_tag":[],"class_list":{"0":"post-10141","1":"product","2":"type-product","3":"status-publish","4":"has-post-thumbnail","6":"product_cat-enfant","7":"product_cat-carnet","9":"first","10":"instock","11":"shipping-taxable","12":"purchasable","13":"product-type-simple"},"_links":{"self":[{"href":"https:\/\/baralivres.ma\/index.php?rest_route=\/wp\/v2\/product\/10141","targetHints":{"allow":["GET"]}}],"collection":[{"href":"https:\/\/baralivres.ma\/index.php?rest_route=\/wp\/v2\/product"}],"about":[{"href":"https:\/\/baralivres.ma\/index.php?rest_route=\/wp\/v2\/types\/product"}],"replies":[{"embeddable":true,"href":"https:\/\/baralivres.ma\/index.php?rest_route=%2Fwp%2Fv2%2Fcomments&post=10141"}],"version-history":[{"count":1,"href":"https:\/\/baralivres.ma\/index.php?rest_route=\/wp\/v2\/product\/10141\/revisions"}],"predecessor-version":[{"id":10146,"href":"https:\/\/baralivres.ma\/index.php?rest_route=\/wp\/v2\/product\/10141\/revisions\/10146"}],"wp:featuredmedia":[{"embeddable":true,"href":"https:\/\/baralivres.ma\/index.php?rest_route=\/wp\/v2\/media\/10145"}],"wp:attachment":[{"href":"https:\/\/baralivres.ma\/index.php?rest_route=%2Fwp%2Fv2%2Fmedia&parent=10141"}],"wp:term":[{"taxonomy":"product_cat","embeddable":true,"href":"https:\/\/baralivres.ma\/index.php?rest_route=%2Fwp%2Fv2%2Fproduct_cat&post=10141"},{"taxonomy":"product_tag","embeddable":true,"href":"https:\/\/baralivres.ma\/index.php?rest_route=%2Fwp%2Fv2%2Fproduct_tag&post=10141"}],"curies":[{"name":"wp","href":"https:\/\/api.w.org\/{rel}","templated":true}]}}