{"id":10137,"date":"2023-08-24T16:17:55","date_gmt":"2023-08-24T15:17:55","guid":{"rendered":"https:\/\/baralivres.ma\/?post_type=product&#038;p=10137"},"modified":"2024-11-18T17:01:19","modified_gmt":"2024-11-18T16:01:19","slug":"les-contraires-onglets","status":"publish","type":"product","link":"https:\/\/baralivres.ma\/?product=les-contraires-onglets","title":{"rendered":"LES CONTRAIRES ONGLETS"},"content":{"rendered":"<p>Ce livre tout en carton plastifi\u00e9 est id\u00e9al pour les tout-petits d\u00e8s 18 mois. C&rsquo;est un livre d&rsquo;\u00e9veil o\u00f9 l&rsquo;enfant d\u00e9couvre les oppositions entre le jour et la nuit, le haut et le bas, au travers d&rsquo;illustrations des plus craquantes. Des onglets permettent de tourner les pages plus facilement.<\/p>\n","protected":false},"excerpt":{"rendered":"<p>Ce livre tout en carton plastifi\u00e9 est id\u00e9al pour les tout-petits d\u00e8s 18 mois. C&rsquo;est un livre d&rsquo;\u00e9veil o\u00f9 l&rsquo;enfant d\u00e9couvre les oppositions entre le jour et la nuit, le haut et le bas, au travers d&rsquo;illustrations des plus craquantes. Des onglets permettent de tourner les pages plus facilement.<\/p>\n","protected":false},"featured_media":10142,"comment_status":"open","ping_status":"closed","template":"","meta":{"inline_featured_image":false},"product_cat":[3950,198],"product_tag":[],"class_list":{"0":"post-10137","1":"product","2":"type-product","3":"status-publish","4":"has-post-thumbnail","6":"product_cat-les-livres-cartonnes-francais","7":"product_cat-livres-animes","9":"first","10":"instock","11":"shipping-taxable","12":"purchasable","13":"product-type-simple"},"_links":{"self":[{"href":"https:\/\/baralivres.ma\/index.php?rest_route=\/wp\/v2\/product\/10137","targetHints":{"allow":["GET"]}}],"collection":[{"href":"https:\/\/baralivres.ma\/index.php?rest_route=\/wp\/v2\/product"}],"about":[{"href":"https:\/\/baralivres.ma\/index.php?rest_route=\/wp\/v2\/types\/product"}],"replies":[{"embeddable":true,"href":"https:\/\/baralivres.ma\/index.php?rest_route=%2Fwp%2Fv2%2Fcomments&post=10137"}],"version-history":[{"count":1,"href":"https:\/\/baralivres.ma\/index.php?rest_route=\/wp\/v2\/product\/10137\/revisions"}],"predecessor-version":[{"id":10143,"href":"https:\/\/baralivres.ma\/index.php?rest_route=\/wp\/v2\/product\/10137\/revisions\/10143"}],"wp:featuredmedia":[{"embeddable":true,"href":"https:\/\/baralivres.ma\/index.php?rest_route=\/wp\/v2\/media\/10142"}],"wp:attachment":[{"href":"https:\/\/baralivres.ma\/index.php?rest_route=%2Fwp%2Fv2%2Fmedia&parent=10137"}],"wp:term":[{"taxonomy":"product_cat","embeddable":true,"href":"https:\/\/baralivres.ma\/index.php?rest_route=%2Fwp%2Fv2%2Fproduct_cat&post=10137"},{"taxonomy":"product_tag","embeddable":true,"href":"https:\/\/baralivres.ma\/index.php?rest_route=%2Fwp%2Fv2%2Fproduct_tag&post=10137"}],"curies":[{"name":"wp","href":"https:\/\/api.w.org\/{rel}","templated":true}]}}