{"id":10134,"date":"2023-08-24T16:17:03","date_gmt":"2023-08-24T15:17:03","guid":{"rendered":"https:\/\/baralivres.ma\/?post_type=product&#038;p=10134"},"modified":"2024-10-29T14:41:26","modified_gmt":"2024-10-29T13:41:26","slug":"mon-journal-intime-charmmy-kitty","status":"publish","type":"product","link":"https:\/\/baralivres.ma\/?product=mon-journal-intime-charmmy-kitty","title":{"rendered":"Mon journal intime Charmmy Kitty"},"content":{"rendered":"<p><span>Mon journal intime Charmmy Kitty: Un agenda de secret pour les petites filles est un carnet sp\u00e9cialement con\u00e7u pour offrir un espace s\u00fbr et confidentiel o\u00f9 les enfants peuvent \u00e9crire leurs pens\u00e9es, leurs r\u00eaves, leurs joies et leurs pr\u00e9occupations les plus. en temps. <\/span><span>Con\u00e7u avec des d\u00e9tails et des \u00e9l\u00e9ments coordonn\u00e9s, cet agenda encourage les jeunes filles \u00e0 explorer leur cr\u00e9ativit\u00e9 tout en d\u00e9veloppant leur confiance en elles. <\/span><span>Caract\u00e9ristiques d&rsquo;un agenda de secret pour les petites filles : 1. **Design attractif** : <\/span><span>Les agendas de secret pour les petites filles arborent souvent des designs charmants et des illustrations qui captent l&rsquo;attention et suscitent l&rsquo;enthousiasme. <\/span><span>2. **S\u00e9curit\u00e9 et confidentialit\u00e9<\/span><\/p>\n","protected":false},"excerpt":{"rendered":"<p>Un agenda de secret pour les petites filles\u00a0 pour encourager les enfants \u00e0 exprimer leurs pens\u00e9es, leurs \u00e9motions et leurs exp\u00e9riences de mani\u00e8re priv\u00e9e et cr\u00e9ative.<\/p>\n","protected":false},"featured_media":10139,"comment_status":"open","ping_status":"closed","template":"","meta":{"inline_featured_image":false},"product_cat":[213],"product_tag":[],"class_list":{"0":"post-10134","1":"product","2":"type-product","3":"status-publish","4":"has-post-thumbnail","6":"product_cat-carnet","8":"first","9":"instock","10":"shipping-taxable","11":"purchasable","12":"product-type-simple"},"_links":{"self":[{"href":"https:\/\/baralivres.ma\/index.php?rest_route=\/wp\/v2\/product\/10134","targetHints":{"allow":["GET"]}}],"collection":[{"href":"https:\/\/baralivres.ma\/index.php?rest_route=\/wp\/v2\/product"}],"about":[{"href":"https:\/\/baralivres.ma\/index.php?rest_route=\/wp\/v2\/types\/product"}],"replies":[{"embeddable":true,"href":"https:\/\/baralivres.ma\/index.php?rest_route=%2Fwp%2Fv2%2Fcomments&post=10134"}],"version-history":[{"count":1,"href":"https:\/\/baralivres.ma\/index.php?rest_route=\/wp\/v2\/product\/10134\/revisions"}],"predecessor-version":[{"id":10140,"href":"https:\/\/baralivres.ma\/index.php?rest_route=\/wp\/v2\/product\/10134\/revisions\/10140"}],"wp:featuredmedia":[{"embeddable":true,"href":"https:\/\/baralivres.ma\/index.php?rest_route=\/wp\/v2\/media\/10139"}],"wp:attachment":[{"href":"https:\/\/baralivres.ma\/index.php?rest_route=%2Fwp%2Fv2%2Fmedia&parent=10134"}],"wp:term":[{"taxonomy":"product_cat","embeddable":true,"href":"https:\/\/baralivres.ma\/index.php?rest_route=%2Fwp%2Fv2%2Fproduct_cat&post=10134"},{"taxonomy":"product_tag","embeddable":true,"href":"https:\/\/baralivres.ma\/index.php?rest_route=%2Fwp%2Fv2%2Fproduct_tag&post=10134"}],"curies":[{"name":"wp","href":"https:\/\/api.w.org\/{rel}","templated":true}]}}