{"id":10113,"date":"2023-08-24T16:02:41","date_gmt":"2023-08-24T15:02:41","guid":{"rendered":"https:\/\/baralivres.ma\/?post_type=product&#038;p=10113"},"modified":"2024-11-18T16:46:15","modified_gmt":"2024-11-18T15:46:15","slug":"mon-premier-dis-pourquoi-le-bebe","status":"publish","type":"product","link":"https:\/\/baralivres.ma\/?product=mon-premier-dis-pourquoi-le-bebe","title":{"rendered":"Mon premier dis pourquoi?-Le B\u00e9b\u00e9"},"content":{"rendered":"<div id=\"bookDescription_feature_div\" class=\"celwidget\" data-feature-name=\"bookDescription\" data-csa-c-type=\"widget\" data-csa-c-content-id=\"bookDescription\" data-csa-c-slot-id=\"bookDescription_feature_div\" data-csa-c-asin=\"2017040509\" data-csa-c-is-in-initial-active-row=\"false\" data-csa-c-id=\"ejejcc-2kstii-j1e58s-knmqr6\" data-cel-widget=\"bookDescription_feature_div\">\n<div class=\"a-expander-collapsed-height a-row a-expander-container a-spacing-base a-expander-partial-collapse-container\" data-a-expander-name=\"book_description_expander\" data-a-expander-collapsed-height=\"140\">\n<div class=\"a-expander-content a-expander-partial-collapse-content\" aria-expanded=\"false\">Comment fait-on les b\u00e9b\u00e9s ? Comment mange le b\u00e9b\u00e9 dans le ventre de sa maman ? Pourquoi le b\u00e9b\u00e9 pleure-t-il souvent ? Pourquoi un b\u00e9b\u00e9, \u00e7a ne sait pas marcher ? Comment s&rsquo;habille un b\u00e9b\u00e9 ? Voici un premier documentaire pour r\u00e9pondre \u00e0 toutes les questions que se posent les enfants sur les b\u00e9b\u00e9s. Gr\u00e2ce \u00e0 des flaps \u00e0 soulever, ils d\u00e9couvrent eux-m\u00eame les r\u00e9ponses en images.<\/div>\n<\/div>\n<\/div>\n<div id=\"globalStoreInfoBullets_feature_div\" class=\"celwidget\" data-feature-name=\"globalStoreInfoBullets\" data-csa-c-type=\"widget\" data-csa-c-content-id=\"globalStoreInfoBullets\" data-csa-c-slot-id=\"globalStoreInfoBullets_feature_div\" data-csa-c-asin=\"2017040509\" data-csa-c-is-in-initial-active-row=\"false\" data-csa-c-id=\"v1sh8d-5q1h9b-2f56vr-x4ri94\" data-cel-widget=\"globalStoreInfoBullets_feature_div\"><\/div>\n<div id=\"buyingOptionNostosBadge_feature_div\" class=\"celwidget\" data-feature-name=\"buyingOptionNostosBadge\" data-csa-c-type=\"widget\" data-csa-c-content-id=\"buyingOptionNostosBadge\" data-csa-c-slot-id=\"buyingOptionNostosBadge_feature_div\" data-csa-c-asin=\"2017040509\" data-csa-c-is-in-initial-active-row=\"false\" data-csa-c-id=\"4of5cu-59vz6x-tg7kr9-fxcein\" data-cel-widget=\"buyingOptionNostosBadge_feature_div\"><\/div>\n<div id=\"edpIngress_feature_div\" class=\"celwidget\" data-feature-name=\"edpIngress\" data-csa-c-type=\"widget\" data-csa-c-content-id=\"edpIngress\" data-csa-c-slot-id=\"edpIngress_feature_div\" data-csa-c-asin=\"2017040509\" data-csa-c-is-in-initial-active-row=\"false\" data-csa-c-id=\"juu9jq-qf2jid-yg1fzs-z65k1n\" data-cel-widget=\"edpIngress_feature_div\"><\/div>\n<div id=\"richProductInformation_feature_div\" class=\"celwidget\" data-feature-name=\"richProductInformation\" data-csa-c-type=\"widget\" data-csa-c-content-id=\"richProductInformation\" data-csa-c-slot-id=\"richProductInformation_feature_div\" data-csa-c-asin=\"2017040509\" data-csa-c-is-in-initial-active-row=\"false\" data-csa-c-id=\"vyt9uj-5tpe0i-8oq7zm-wermki\" data-cel-widget=\"richProductInformation_feature_div\">\n<div id=\"rich_product_information\" class=\"a-section a-spacing-none celwidget\" data-csa-c-id=\"ovyoo4-jkf4mf-m741pc-gdwvqc\" data-cel-widget=\"rich_product_information\"><\/div>\n<\/div>\n","protected":false},"excerpt":{"rendered":"<p>Un livre anim\u00e9 de questions-r\u00e9ponses.<\/p>\n","protected":false},"featured_media":10120,"comment_status":"open","ping_status":"closed","template":"","meta":{"inline_featured_image":false},"product_cat":[3952,3950,198],"product_tag":[],"class_list":{"0":"post-10113","1":"product","2":"type-product","3":"status-publish","4":"has-post-thumbnail","6":"product_cat-les-livres-a-toucher-pour-bebe","7":"product_cat-les-livres-cartonnes-francais","8":"product_cat-livres-animes","10":"first","11":"instock","12":"shipping-taxable","13":"purchasable","14":"product-type-simple"},"_links":{"self":[{"href":"https:\/\/baralivres.ma\/index.php?rest_route=\/wp\/v2\/product\/10113","targetHints":{"allow":["GET"]}}],"collection":[{"href":"https:\/\/baralivres.ma\/index.php?rest_route=\/wp\/v2\/product"}],"about":[{"href":"https:\/\/baralivres.ma\/index.php?rest_route=\/wp\/v2\/types\/product"}],"replies":[{"embeddable":true,"href":"https:\/\/baralivres.ma\/index.php?rest_route=%2Fwp%2Fv2%2Fcomments&post=10113"}],"version-history":[{"count":1,"href":"https:\/\/baralivres.ma\/index.php?rest_route=\/wp\/v2\/product\/10113\/revisions"}],"predecessor-version":[{"id":10121,"href":"https:\/\/baralivres.ma\/index.php?rest_route=\/wp\/v2\/product\/10113\/revisions\/10121"}],"wp:featuredmedia":[{"embeddable":true,"href":"https:\/\/baralivres.ma\/index.php?rest_route=\/wp\/v2\/media\/10120"}],"wp:attachment":[{"href":"https:\/\/baralivres.ma\/index.php?rest_route=%2Fwp%2Fv2%2Fmedia&parent=10113"}],"wp:term":[{"taxonomy":"product_cat","embeddable":true,"href":"https:\/\/baralivres.ma\/index.php?rest_route=%2Fwp%2Fv2%2Fproduct_cat&post=10113"},{"taxonomy":"product_tag","embeddable":true,"href":"https:\/\/baralivres.ma\/index.php?rest_route=%2Fwp%2Fv2%2Fproduct_tag&post=10113"}],"curies":[{"name":"wp","href":"https:\/\/api.w.org\/{rel}","templated":true}]}}