{"id":10101,"date":"2023-08-24T15:40:39","date_gmt":"2023-08-24T14:40:39","guid":{"rendered":"https:\/\/baralivres.ma\/?post_type=product&#038;p=10101"},"modified":"2024-11-18T16:49:30","modified_gmt":"2024-11-18T15:49:30","slug":"disney-baby-mes-premieres-experiences-leau-avec-olaf","status":"publish","type":"product","link":"https:\/\/baralivres.ma\/?product=disney-baby-mes-premieres-experiences-leau-avec-olaf","title":{"rendered":"DISNEY BABY &#8211; Mes Premi\u00e8res Exp\u00e9riences &#8211; L&rsquo;eau avec Olaf"},"content":{"rendered":"<p><span class=\"a-text-bold\">Les premiers documentaires Disney pour les petits curieux !<\/span><\/p>\n<p>Un album documentaire contenant 12 exp\u00e9riences pour permettre aux enfants de 3 \u00e0 6 ans de d\u00e9couvrir tous les secrets de l&rsquo;eau et de mieux comprendre le monde qui les entoure.<br \/>\nDes exp\u00e9riences simples, \u00e9crites par une enseignante de primaire, test\u00e9es en classe de maternelle ! \u00c0 r\u00e9aliser avec un adulte, avec des consignes claires et des illustrations en pas-\u00e0-pas, pour s\u2019\u00e9veiller \u00e0 la science.<\/p>\n<p>D\u00e8s 3 ans.<\/p>\n","protected":false},"excerpt":{"rendered":"<p>Les premiers documentaires Disney pour les petits curieux ! Un album documentaire contenant 12 exp\u00e9riences pour permettre aux enfants de 3 \u00e0 6 ans de d\u00e9couvrir tous les secrets de l&rsquo;eau et de mieux comprendre le monde qui les entoure. Des exp\u00e9riences simples, \u00e9crites par une enseignante de primaire, test\u00e9es en classe de maternelle ! [&hellip;]<\/p>\n","protected":false},"featured_media":10102,"comment_status":"open","ping_status":"closed","template":"","meta":{"inline_featured_image":false},"product_cat":[3877,199],"product_tag":[],"class_list":{"0":"post-10101","1":"product","2":"type-product","3":"status-publish","4":"has-post-thumbnail","6":"product_cat-les-histoires-francais","7":"product_cat-histoires","9":"first","10":"instock","11":"shipping-taxable","12":"purchasable","13":"product-type-simple"},"_links":{"self":[{"href":"https:\/\/baralivres.ma\/index.php?rest_route=\/wp\/v2\/product\/10101","targetHints":{"allow":["GET"]}}],"collection":[{"href":"https:\/\/baralivres.ma\/index.php?rest_route=\/wp\/v2\/product"}],"about":[{"href":"https:\/\/baralivres.ma\/index.php?rest_route=\/wp\/v2\/types\/product"}],"replies":[{"embeddable":true,"href":"https:\/\/baralivres.ma\/index.php?rest_route=%2Fwp%2Fv2%2Fcomments&post=10101"}],"version-history":[{"count":1,"href":"https:\/\/baralivres.ma\/index.php?rest_route=\/wp\/v2\/product\/10101\/revisions"}],"predecessor-version":[{"id":10103,"href":"https:\/\/baralivres.ma\/index.php?rest_route=\/wp\/v2\/product\/10101\/revisions\/10103"}],"wp:featuredmedia":[{"embeddable":true,"href":"https:\/\/baralivres.ma\/index.php?rest_route=\/wp\/v2\/media\/10102"}],"wp:attachment":[{"href":"https:\/\/baralivres.ma\/index.php?rest_route=%2Fwp%2Fv2%2Fmedia&parent=10101"}],"wp:term":[{"taxonomy":"product_cat","embeddable":true,"href":"https:\/\/baralivres.ma\/index.php?rest_route=%2Fwp%2Fv2%2Fproduct_cat&post=10101"},{"taxonomy":"product_tag","embeddable":true,"href":"https:\/\/baralivres.ma\/index.php?rest_route=%2Fwp%2Fv2%2Fproduct_tag&post=10101"}],"curies":[{"name":"wp","href":"https:\/\/api.w.org\/{rel}","templated":true}]}}