{"id":10094,"date":"2023-08-24T15:56:14","date_gmt":"2023-08-24T14:56:14","guid":{"rendered":"https:\/\/baralivres.ma\/?post_type=product&#038;p=10094"},"modified":"2024-11-18T16:46:37","modified_gmt":"2024-11-18T15:46:37","slug":"barbie-mon-journal-intime","status":"publish","type":"product","link":"https:\/\/baralivres.ma\/?product=barbie-mon-journal-intime","title":{"rendered":"Barbie &#8211; Mon journal intime"},"content":{"rendered":"<p><span>Barbie &#8211; Mon journal intime: Un agenda personnel pour enfants est un carnet interactif con\u00e7u pour encourager les enfants \u00e0 apprendre \u00e0 g\u00e9rer leur temps de mani\u00e8re amusante et engageante. <\/span><span>Il combine des \u00e9l\u00e9ments de jeu, d&rsquo;apprentissage et d&rsquo;organisation pour aider les enfants \u00e0 d\u00e9velopper des comp\u00e9tences importantes tout en restant motiv\u00e9s et enthousiastes. <\/span><span>Caract\u00e9ristiques d&rsquo;un agenda personnel pour enfants : 1. **Design color\u00e9 et attraction** : Les agendas pour enfants sont g\u00e9n\u00e9ralement con\u00e7us avec des illustrations, <\/span><span>des couleurs vives et des motifs amusants pour attirer l&rsquo;attention et susciter l&rsquo;int\u00e9r\u00eat des jeunes utilisateurs. <\/span><span>2. **Activ\u00e9<\/span><\/p>\n","protected":false},"excerpt":{"rendered":"<p>Barbie &#8211; Mon journal intime est un outil ludique et \u00e9ducatif sp\u00e9cialement con\u00e7u pour aider les enfants \u00e0 d\u00e9velopper des comp\u00e9tences en mati\u00e8re de planification, d&rsquo;organisation et de gestion du temps<\/p>\n","protected":false},"featured_media":10114,"comment_status":"open","ping_status":"closed","template":"","meta":{"inline_featured_image":false},"product_cat":[213],"product_tag":[],"class_list":{"0":"post-10094","1":"product","2":"type-product","3":"status-publish","4":"has-post-thumbnail","6":"product_cat-carnet","8":"first","9":"instock","10":"shipping-taxable","11":"purchasable","12":"product-type-simple"},"_links":{"self":[{"href":"https:\/\/baralivres.ma\/index.php?rest_route=\/wp\/v2\/product\/10094","targetHints":{"allow":["GET"]}}],"collection":[{"href":"https:\/\/baralivres.ma\/index.php?rest_route=\/wp\/v2\/product"}],"about":[{"href":"https:\/\/baralivres.ma\/index.php?rest_route=\/wp\/v2\/types\/product"}],"replies":[{"embeddable":true,"href":"https:\/\/baralivres.ma\/index.php?rest_route=%2Fwp%2Fv2%2Fcomments&post=10094"}],"version-history":[{"count":1,"href":"https:\/\/baralivres.ma\/index.php?rest_route=\/wp\/v2\/product\/10094\/revisions"}],"predecessor-version":[{"id":10115,"href":"https:\/\/baralivres.ma\/index.php?rest_route=\/wp\/v2\/product\/10094\/revisions\/10115"}],"wp:featuredmedia":[{"embeddable":true,"href":"https:\/\/baralivres.ma\/index.php?rest_route=\/wp\/v2\/media\/10114"}],"wp:attachment":[{"href":"https:\/\/baralivres.ma\/index.php?rest_route=%2Fwp%2Fv2%2Fmedia&parent=10094"}],"wp:term":[{"taxonomy":"product_cat","embeddable":true,"href":"https:\/\/baralivres.ma\/index.php?rest_route=%2Fwp%2Fv2%2Fproduct_cat&post=10094"},{"taxonomy":"product_tag","embeddable":true,"href":"https:\/\/baralivres.ma\/index.php?rest_route=%2Fwp%2Fv2%2Fproduct_tag&post=10094"}],"curies":[{"name":"wp","href":"https:\/\/api.w.org\/{rel}","templated":true}]}}