{"id":10093,"date":"2023-08-24T15:32:00","date_gmt":"2023-08-24T14:32:00","guid":{"rendered":"https:\/\/baralivres.ma\/?post_type=product&#038;p=10093"},"modified":"2024-11-18T16:50:32","modified_gmt":"2024-11-18T15:50:32","slug":"japprends-les-emotions","status":"publish","type":"product","link":"https:\/\/baralivres.ma\/?product=japprends-les-emotions","title":{"rendered":"J&rsquo;apprends les \u00e9motions"},"content":{"rendered":"<p>Des ouvrages documentaires interactifs avec des flaps qui encouragent les petits \u00e0 se poser des questions et \u00e0 d\u00e9couvrir les \u00e9motions ! Un livre qui accompagne les tout-petits dans leur exploration du monde et d\u00e9veloppe leur curiosit\u00e9, et l&rsquo;acquisition du vocabulaire.<\/p>\n","protected":false},"excerpt":{"rendered":"<p>Des ouvrages documentaires interactifs avec des flaps qui encouragent les petits \u00e0 se poser des questions et \u00e0 d\u00e9couvrir les \u00e9motions ! Un livre qui accompagne les tout-petits dans leur exploration du monde et d\u00e9veloppe leur curiosit\u00e9, et l&rsquo;acquisition du vocabulaire.<\/p>\n","protected":false},"featured_media":10095,"comment_status":"open","ping_status":"closed","template":"","meta":{"inline_featured_image":false},"product_cat":[3952,3950,198],"product_tag":[],"class_list":{"0":"post-10093","1":"product","2":"type-product","3":"status-publish","4":"has-post-thumbnail","6":"product_cat-les-livres-a-toucher-pour-bebe","7":"product_cat-les-livres-cartonnes-francais","8":"product_cat-livres-animes","10":"first","11":"instock","12":"shipping-taxable","13":"purchasable","14":"product-type-simple"},"_links":{"self":[{"href":"https:\/\/baralivres.ma\/index.php?rest_route=\/wp\/v2\/product\/10093","targetHints":{"allow":["GET"]}}],"collection":[{"href":"https:\/\/baralivres.ma\/index.php?rest_route=\/wp\/v2\/product"}],"about":[{"href":"https:\/\/baralivres.ma\/index.php?rest_route=\/wp\/v2\/types\/product"}],"replies":[{"embeddable":true,"href":"https:\/\/baralivres.ma\/index.php?rest_route=%2Fwp%2Fv2%2Fcomments&post=10093"}],"version-history":[{"count":2,"href":"https:\/\/baralivres.ma\/index.php?rest_route=\/wp\/v2\/product\/10093\/revisions"}],"predecessor-version":[{"id":10097,"href":"https:\/\/baralivres.ma\/index.php?rest_route=\/wp\/v2\/product\/10093\/revisions\/10097"}],"wp:featuredmedia":[{"embeddable":true,"href":"https:\/\/baralivres.ma\/index.php?rest_route=\/wp\/v2\/media\/10095"}],"wp:attachment":[{"href":"https:\/\/baralivres.ma\/index.php?rest_route=%2Fwp%2Fv2%2Fmedia&parent=10093"}],"wp:term":[{"taxonomy":"product_cat","embeddable":true,"href":"https:\/\/baralivres.ma\/index.php?rest_route=%2Fwp%2Fv2%2Fproduct_cat&post=10093"},{"taxonomy":"product_tag","embeddable":true,"href":"https:\/\/baralivres.ma\/index.php?rest_route=%2Fwp%2Fv2%2Fproduct_tag&post=10093"}],"curies":[{"name":"wp","href":"https:\/\/api.w.org\/{rel}","templated":true}]}}