{"id":10087,"date":"2023-08-24T15:25:23","date_gmt":"2023-08-24T14:25:23","guid":{"rendered":"https:\/\/baralivres.ma\/?post_type=product&#038;p=10087"},"modified":"2024-11-18T16:51:19","modified_gmt":"2024-11-18T15:51:19","slug":"les-animaux","status":"publish","type":"product","link":"https:\/\/baralivres.ma\/?product=les-animaux","title":{"rendered":"Les animaux"},"content":{"rendered":"<p>Un livre interactif et ludique Disney pour les tout-petits ! Dans cet imagier aux illustrations d&rsquo;animaux simples, color\u00e9es et modernes, les tout-petits peuvent plonger au coeur de l&rsquo;univers Disney, apprendre, enrichir leur vocabulaire et s&rsquo;\u00e9veiller en manipulant les pages gr\u00e2ce aux 7 animations en flap, tirette et roue \u00e0 tourner. Un format maniable pour les petites mains. D\u00e8s 18 mois.<\/p>\n","protected":false},"excerpt":{"rendered":"<p>Un livre interactif et ludique Disney pour les tout-petits ! Dans cet imagier aux illustrations d&rsquo;animaux simples, color\u00e9es et modernes, les tout-petits peuvent plonger au coeur de l&rsquo;univers Disney, apprendre, enrichir leur vocabulaire et s&rsquo;\u00e9veiller en manipulant les pages gr\u00e2ce aux 7 animations en flap, tirette et roue \u00e0 tourner. Un format maniable pour les [&hellip;]<\/p>\n","protected":false},"featured_media":10088,"comment_status":"open","ping_status":"closed","template":"","meta":{"inline_featured_image":false},"product_cat":[3875,201,200],"product_tag":[],"class_list":{"0":"post-10087","1":"product","2":"type-product","3":"status-publish","4":"has-post-thumbnail","6":"product_cat-coffret-francais","7":"product_cat-coffret","8":"product_cat-activites","10":"first","11":"instock","12":"shipping-taxable","13":"purchasable","14":"product-type-simple"},"_links":{"self":[{"href":"https:\/\/baralivres.ma\/index.php?rest_route=\/wp\/v2\/product\/10087","targetHints":{"allow":["GET"]}}],"collection":[{"href":"https:\/\/baralivres.ma\/index.php?rest_route=\/wp\/v2\/product"}],"about":[{"href":"https:\/\/baralivres.ma\/index.php?rest_route=\/wp\/v2\/types\/product"}],"replies":[{"embeddable":true,"href":"https:\/\/baralivres.ma\/index.php?rest_route=%2Fwp%2Fv2%2Fcomments&post=10087"}],"version-history":[{"count":1,"href":"https:\/\/baralivres.ma\/index.php?rest_route=\/wp\/v2\/product\/10087\/revisions"}],"predecessor-version":[{"id":10089,"href":"https:\/\/baralivres.ma\/index.php?rest_route=\/wp\/v2\/product\/10087\/revisions\/10089"}],"wp:featuredmedia":[{"embeddable":true,"href":"https:\/\/baralivres.ma\/index.php?rest_route=\/wp\/v2\/media\/10088"}],"wp:attachment":[{"href":"https:\/\/baralivres.ma\/index.php?rest_route=%2Fwp%2Fv2%2Fmedia&parent=10087"}],"wp:term":[{"taxonomy":"product_cat","embeddable":true,"href":"https:\/\/baralivres.ma\/index.php?rest_route=%2Fwp%2Fv2%2Fproduct_cat&post=10087"},{"taxonomy":"product_tag","embeddable":true,"href":"https:\/\/baralivres.ma\/index.php?rest_route=%2Fwp%2Fv2%2Fproduct_tag&post=10087"}],"curies":[{"name":"wp","href":"https:\/\/api.w.org\/{rel}","templated":true}]}}