{"id":10084,"date":"2023-08-24T15:22:11","date_gmt":"2023-08-24T14:22:11","guid":{"rendered":"https:\/\/baralivres.ma\/?post_type=product&#038;p=10084"},"modified":"2024-11-18T16:51:39","modified_gmt":"2024-11-18T15:51:39","slug":"mes-quiz-dis-pourquoi-100-questions-sur-les-metiers","status":"publish","type":"product","link":"https:\/\/baralivres.ma\/?product=mes-quiz-dis-pourquoi-100-questions-sur-les-metiers","title":{"rendered":"Mes quiz dis pourquoi ? &#8211; 100 questions sur les m\u00e9tiers"},"content":{"rendered":"<p>Un bloc de 100 questions pour d\u00e9couvrir les diff\u00e9rents m\u00e9tiers que rencontrent les enfants au quotidien ! M\u00e9tiers de la sant\u00e9, de la protection des civiles, de la culture, de la nature, autant de m\u00e9tiers qui appellent plein de questions. Un format nomade, un contenu documentaire ludique, des illustrations amusantes.<\/p>\n","protected":false},"excerpt":{"rendered":"<p>Un bloc de 100 questions pour d\u00e9couvrir les diff\u00e9rents m\u00e9tiers que rencontrent les enfants au quotidien ! M\u00e9tiers de la sant\u00e9, de la protection des civiles, de la culture, de la nature, autant de m\u00e9tiers qui appellent plein de questions. Un format nomade, un contenu documentaire ludique, des illustrations amusantes.<\/p>\n","protected":false},"featured_media":10085,"comment_status":"open","ping_status":"closed","template":"","meta":{"inline_featured_image":false},"product_cat":[200],"product_tag":[],"class_list":{"0":"post-10084","1":"product","2":"type-product","3":"status-publish","4":"has-post-thumbnail","6":"product_cat-activites","8":"first","9":"instock","10":"shipping-taxable","11":"purchasable","12":"product-type-simple"},"_links":{"self":[{"href":"https:\/\/baralivres.ma\/index.php?rest_route=\/wp\/v2\/product\/10084","targetHints":{"allow":["GET"]}}],"collection":[{"href":"https:\/\/baralivres.ma\/index.php?rest_route=\/wp\/v2\/product"}],"about":[{"href":"https:\/\/baralivres.ma\/index.php?rest_route=\/wp\/v2\/types\/product"}],"replies":[{"embeddable":true,"href":"https:\/\/baralivres.ma\/index.php?rest_route=%2Fwp%2Fv2%2Fcomments&post=10084"}],"version-history":[{"count":1,"href":"https:\/\/baralivres.ma\/index.php?rest_route=\/wp\/v2\/product\/10084\/revisions"}],"predecessor-version":[{"id":10086,"href":"https:\/\/baralivres.ma\/index.php?rest_route=\/wp\/v2\/product\/10084\/revisions\/10086"}],"wp:featuredmedia":[{"embeddable":true,"href":"https:\/\/baralivres.ma\/index.php?rest_route=\/wp\/v2\/media\/10085"}],"wp:attachment":[{"href":"https:\/\/baralivres.ma\/index.php?rest_route=%2Fwp%2Fv2%2Fmedia&parent=10084"}],"wp:term":[{"taxonomy":"product_cat","embeddable":true,"href":"https:\/\/baralivres.ma\/index.php?rest_route=%2Fwp%2Fv2%2Fproduct_cat&post=10084"},{"taxonomy":"product_tag","embeddable":true,"href":"https:\/\/baralivres.ma\/index.php?rest_route=%2Fwp%2Fv2%2Fproduct_tag&post=10084"}],"curies":[{"name":"wp","href":"https:\/\/api.w.org\/{rel}","templated":true}]}}