{"id":10078,"date":"2023-08-24T15:10:14","date_gmt":"2023-08-24T14:10:14","guid":{"rendered":"https:\/\/baralivres.ma\/?post_type=product&#038;p=10078"},"modified":"2024-11-18T16:52:17","modified_gmt":"2024-11-18T15:52:17","slug":"disney-baby-mon-puzzle-a-histoires-15-pieces-de-puzzles","status":"publish","type":"product","link":"https:\/\/baralivres.ma\/?product=disney-baby-mon-puzzle-a-histoires-15-pieces-de-puzzles","title":{"rendered":"DISNEY BABY &#8211; Mon Puzzle \u00e0 Histoires: 15 pi\u00e8ces de puzzles"},"content":{"rendered":"<p><span class=\"a-text-bold\">Choisis un personnage de la for\u00eat, assemble les pi\u00e8ces de puzzle et raconte une histoire !<\/span><br \/>\n\u2013 L\u2019activit\u00e9 id\u00e9ale pour apprendre la construction de phrases simples, tout en s\u2019amusant.<br \/>\n\u2013 Un jeu constitu\u00e9 de 5 sujets, 5 verbes et5 compl\u00e9ments\u2026 plus de 120 combinaisons de phrases possibles !<br \/>\n\u2013 Une bo\u00eete de puzzles pour accompagner l\u2019enfant dans son apprentissage : d\u00e9velopper la syntaxe sur les deux versants compr\u00e9hension et expression ; enrichir le vocabulaire ; faire fonctionner son imagination.<br \/>\n\u2013 Une formule de fabrication pens\u00e9e pour les plus jeunes avec des coins ronds et des pi\u00e8ces de puzzle bien \u00e9paisses, r\u00e9sistantes \u00e0 tous les chocs !<br \/>\n<span class=\"a-text-bold\">D\u00e8s 3 ans.<\/span><\/p>\n","protected":false},"excerpt":{"rendered":"<p>Choisis un personnage de la for\u00eat, assemble les pi\u00e8ces de puzzle et raconte une histoire ! \u2013 L\u2019activit\u00e9 id\u00e9ale pour apprendre la construction de phrases simples, tout en s\u2019amusant. \u2013 Un jeu constitu\u00e9 de 5 sujets, 5 verbes et5 compl\u00e9ments\u2026 plus de 120 combinaisons de phrases possibles ! \u2013 Une bo\u00eete de puzzles pour accompagner [&hellip;]<\/p>\n","protected":false},"featured_media":10077,"comment_status":"open","ping_status":"closed","template":"","meta":{"inline_featured_image":false},"product_cat":[3875,201,212,200],"product_tag":[],"class_list":{"0":"post-10078","1":"product","2":"type-product","3":"status-publish","4":"has-post-thumbnail","6":"product_cat-coffret-francais","7":"product_cat-coffret","8":"product_cat-puzzle","9":"product_cat-activites","11":"first","12":"instock","13":"shipping-taxable","14":"purchasable","15":"product-type-simple"},"_links":{"self":[{"href":"https:\/\/baralivres.ma\/index.php?rest_route=\/wp\/v2\/product\/10078","targetHints":{"allow":["GET"]}}],"collection":[{"href":"https:\/\/baralivres.ma\/index.php?rest_route=\/wp\/v2\/product"}],"about":[{"href":"https:\/\/baralivres.ma\/index.php?rest_route=\/wp\/v2\/types\/product"}],"replies":[{"embeddable":true,"href":"https:\/\/baralivres.ma\/index.php?rest_route=%2Fwp%2Fv2%2Fcomments&post=10078"}],"version-history":[{"count":1,"href":"https:\/\/baralivres.ma\/index.php?rest_route=\/wp\/v2\/product\/10078\/revisions"}],"predecessor-version":[{"id":10079,"href":"https:\/\/baralivres.ma\/index.php?rest_route=\/wp\/v2\/product\/10078\/revisions\/10079"}],"wp:featuredmedia":[{"embeddable":true,"href":"https:\/\/baralivres.ma\/index.php?rest_route=\/wp\/v2\/media\/10077"}],"wp:attachment":[{"href":"https:\/\/baralivres.ma\/index.php?rest_route=%2Fwp%2Fv2%2Fmedia&parent=10078"}],"wp:term":[{"taxonomy":"product_cat","embeddable":true,"href":"https:\/\/baralivres.ma\/index.php?rest_route=%2Fwp%2Fv2%2Fproduct_cat&post=10078"},{"taxonomy":"product_tag","embeddable":true,"href":"https:\/\/baralivres.ma\/index.php?rest_route=%2Fwp%2Fv2%2Fproduct_tag&post=10078"}],"curies":[{"name":"wp","href":"https:\/\/api.w.org\/{rel}","templated":true}]}}